{"id":17500,"date":"2024-10-15T13:25:20","date_gmt":"2024-10-15T11:25:20","guid":{"rendered":"https:\/\/it-teams-global.de\/?page_id=17500"},"modified":"2025-06-04T09:51:28","modified_gmt":"2025-06-04T07:51:28","slug":"%d9%85%d8%b1%d8%b4%d8%ad%d9%8a%d9%86","status":"publish","type":"page","link":"https:\/\/it-teams-global.de\/ar\/%d9%85%d8%b1%d8%b4%d8%ad%d9%8a%d9%86\/","title":{"rendered":"\u0645\u062a\u062e\u0635\u0635\u0648 \u062a\u0643\u0646\u0648\u0644\u0648\u062c\u064a\u0627 \u0627\u0644\u0645\u0639\u0644\u0648\u0645\u0627\u062a \u0627\u0644\u0645\u062a\u0627\u062d\u0648\u0646 \u062d\u0627\u0644\u064a\u064b\u0627"},"content":{"rendered":"<div data-elementor-type=\"wp-page\" data-elementor-id=\"17500\" class=\"elementor elementor-17500\">\n\t\t\t\t<div class=\"elementor-element elementor-element-78bd1ce e-flex e-con-boxed e-con e-parent\" data-id=\"78bd1ce\" data-element_type=\"container\">\n\t\t\t\t\t<div class=\"e-con-inner\">\n\t\t\t\t<div class=\"elementor-element elementor-element-822370b elementor-widget elementor-widget-heading\" data-id=\"822370b\" data-element_type=\"widget\" data-widget_type=\"heading.default\">\n\t\t\t\t<div class=\"elementor-widget-container\">\n\t\t\t\t\t<h1 class=\"elementor-heading-title elementor-size-default\">\u0645\u062a\u062e\u0635\u0635\u0648 \u062a\u0643\u0646\u0648\u0644\u0648\u062c\u064a\u0627 \u0627\u0644\u0645\u0639\u0644\u0648\u0645\u0627\u062a \u0627\u0644\u0645\u062a\u0627\u062d\u0648\u0646 \u062d\u0627\u0644\u064a\u064b\u0627<\/h1>\t\t\t\t<\/div>\n\t\t\t\t<\/div>\n\t\t\t\t<div class=\"elementor-element elementor-element-684bca1 elementor-widget elementor-widget-text-editor\" data-id=\"684bca1\" data-element_type=\"widget\" data-widget_type=\"text-editor.default\">\n\t\t\t\t<div class=\"elementor-widget-container\">\n\t\t\t\t\t\t\t\t\t<h5>\u0627\u0628\u062d\u062b \u0639\u0646 \u0627\u0644\u0645\u0631\u0634\u062d\u064a\u0646 \u0627\u0644\u0645\u0646\u0627\u0633\u0628\u064a\u0646 \u0644\u0648\u0638\u064a\u0641\u062a\u0643. \u0644\u0642\u062f \u0645\u0644\u0623\u0646\u0627 \u0643\u0644 \u0645\u0646\u0635\u0628 \u0641\u064a \u0645\u062c\u0627\u0644 \u062a\u0643\u0646\u0648\u0644\u0648\u062c\u064a\u0627 \u0627\u0644\u0645\u0639\u0644\u0648\u0645\u0627\u062a.<\/h5>\t\t\t\t\t\t\t\t<\/div>\n\t\t\t\t<\/div>\n\t\t\t\t<div class=\"elementor-element elementor-element-d3684ee elementor-widget elementor-widget-text-editor\" data-id=\"d3684ee\" data-element_type=\"widget\" data-widget_type=\"text-editor.default\">\n\t\t\t\t<div class=\"elementor-widget-container\">\n\t\t\t\t\t\t\t\t\t<p><div class=\"job_listings\" data-location=\"\" data-keywords=\"\" data-show_filters=\"true\" data-show_pagination=\"false\" data-per_page=\"20\" data-orderby=\"featured\" data-order=\"DESC\" data-categories=\"\" data-disable-form-state-storage=\"\" data-featured_first=\"false\" data-post_id=\"17500\" >\n<form class=\"job_filters\" action=\"\">\n\t\n\t<div class=\"search_jobs\">\n\t\t\n\t\t<div class=\"search_keywords\">\n\t\t\t<label for=\"search_keywords\">\u0643\u0644\u0645\u0627\u062a \u0627\u0644\u0628\u062d\u062b<\/label>\n\t\t\t<input type=\"text\" name=\"search_keywords\" id=\"search_keywords\" placeholder=\"\u0643\u0644\u0645\u0627\u062a \u0627\u0644\u0628\u062d\u062b\" value=\"\" \/>\n\t\t<\/div>\n\n\t\t<div class=\"search_location\">\n\t\t\t<label for=\"search_location\">\u0627\u0644\u0645\u0643\u0627\u0646<\/label>\n\t\t\t<input type=\"text\" name=\"search_location\" id=\"search_location\" placeholder=\"\u0627\u0644\u0645\u0643\u0627\u0646\" value=\"\" \/>\n\t\t<\/div>\n\n\t\t\n\t\t<div style=\"clear: both\"><\/div>\n\n\t\t\t\t\t<div class=\"search_categories\">\n\t\t\t\t<label for=\"search_categories\">\u0627\u0644\u062a\u0635\u0646\u064a\u0641<\/label>\n\t\t\t\t\t\t\t\t\t<select name='search_categories[]' id='search_categories' class='job-manager-category-dropdown chosen-rtl' multiple='multiple' data-placeholder='\u0627\u062e\u062a\u0631 \u062a\u0635\u0646\u064a\u0641&hellip;' data-no_results_text='\u0644\u0627 \u062a\u0648\u062c\u062f \u0646\u062a\u0627\u0626\u062c \u0645\u062a\u0637\u0627\u0628\u0642\u0629' data-multiple_text='\u062a\u062d\u062f\u064a\u062f \u0623\u062d\u062f \u0627\u0644\u062e\u064a\u0627\u0631\u0627\u062a'>\n\t<option class=\"level-0\" value=\"114\">\u0645\u0647\u0646\u062f\u0633 \u0645\u0639\u0645\u0627\u0631\u064a<\/option>\n\t<option class=\"level-0\" value=\"106\">\u0645\u0647\u0646\u062f\u0633 \u0627\u0644\u0623\u062a\u0645\u062a\u0629<\/option>\n\t<option class=\"level-0\" value=\"130\">\u0627\u0644\u062a\u0642\u0646\u064a\u0627\u062a \u0627\u0644\u0633\u062d\u0627\u0628\u064a\u0629<\/option>\n\t<option class=\"level-0\" value=\"132\">\u0627\u0644\u0623\u0645\u0646 \u0627\u0644\u0633\u064a\u0628\u0631\u0627\u0646\u064a<\/option>\n\t<option class=\"level-0\" value=\"126\">\u0645\u0637\u0648\u0631 \u0645\u0648\u0628\u0627\u064a\u0644<\/option>\n\t<option class=\"level-0\" value=\"131\">\u0633\u0643\u0631\u0648\u0645 \u0645\u0627\u0633\u062a\u0631\u0632<\/option>\n\t<option class=\"level-0\" value=\"115\">\u0645\u0647\u0646\u062f\u0633 \u0627\u0644\u0628\u0631\u0645\u062c\u064a\u0627\u062a<\/option>\n\t<option class=\"level-0\" value=\"104\">\u0645\u0637\u0648\u0631 \u0627\u0644\u0628\u0631\u0645\u062c\u064a\u0627\u062a<\/option>\n\t<option class=\"level-0\" value=\"125\">\u0645\u0647\u0646\u062f\u0633 \u0627\u062e\u062a\u0628\u0627\u0631<\/option>\n\t<option class=\"level-0\" value=\"105\">\u0645\u0635\u0645\u0645\u064a \u062a\u062c\u0631\u0628\u0629 \u0627\u0644\u0645\u0633\u062a\u062e\u062f\u0645\/\u0648\u0627\u062c\u0647\u0629 \u0627\u0644\u0645\u0633\u062a\u062e\u062f\u0645<\/option>\n\t<option class=\"level-0\" value=\"128\">\u0645\u0637\u0648\u0631 \u0648\u064a\u0628<\/option>\n<\/select>\n\t\t\t\t\t\t\t<\/div>\n\t\t\n\t\t\t\t\t<div class=\"search_submit\">\n\t\t\t\t<input type=\"submit\" value=\"\u0627\u0644\u0628\u062d\u062b \u0639\u0646 \u0648\u0638\u0627\u0626\u0641\">\n\t\t\t<\/div>\n\t\t\n\t\t\t<\/div>\n\n\t\t<ul class=\"job_types\">\n\t\t\t\t\t<li><label for=\"job_type_freelancer\" class=\"freelancer\"><input type=\"checkbox\" name=\"filter_job_type[]\" value=\"freelancer\"  checked='checked' id=\"job_type_freelancer\" \/> \u0645\u0633\u062a\u0642\u0644<\/label><\/li>\n\t\t\t\t\t<li><label for=\"job_type_all-beschaeftigungsformen\" class=\"remote\"><input type=\"checkbox\" name=\"filter_job_type[]\" value=\"all-beschaeftigungsformen\"  checked='checked' id=\"job_type_all-beschaeftigungsformen\" \/> \u0639\u0646 \u0628\u0639\u062f<\/label><\/li>\n\t\t\t\t\t<li><label for=\"job_type_vollzeit\" class=\"vor-ort\"><input type=\"checkbox\" name=\"filter_job_type[]\" value=\"vollzeit\"  checked='checked' id=\"job_type_vollzeit\" \/> \u0641\u064a \u0627\u0644\u0645\u0648\u0642\u0639<\/label><\/li>\n\t\t\t<\/ul>\n\t<input type=\"hidden\" name=\"filter_job_type[]\" value=\"\" \/>\n<div class=\"showing_jobs\"><\/div><input type=\"hidden\" name=\"trp-form-language\" value=\"ar\"\/><\/form>\n\n\n<noscript>\u0627\u0644\u0645\u062a\u0635\u0641\u062d \u0627\u0644\u062e\u0627\u0635 \u0628\u0643 \u0644\u0627 \u064a\u062f\u0639\u0645 \u062a\u0642\u0646\u064a\u0629 \u0627\u0644\u062c\u0627\u0641\u0627 \u0633\u0643\u0631\u064a\u0628\u062a \u0623\u0648 \u0623\u0646\u0647\u0627 \u0645\u0639\u0637\u0644\u0629 \u064a\u062c\u0628 \u062a\u0641\u0639\u064a\u0644\u0647\u0627 \u0644\u0643\u064a \u062a\u0633\u062a\u0637\u064a\u0639 \u0645\u0634\u0627\u0647\u062f\u0629 \u0627\u0644\u0628\u064a\u0627\u0646\u0627\u062a<\/noscript>\n<ul class=\"job_listings\">\n<\/ul>\n<a class=\"load_more_jobs\" href=\"#\" style=\"display:none;\"><strong>\u062a\u062d\u0645\u0644 \u0627\u0644\u0645\u0632\u064a\u062f<\/strong><\/a><\/div><\/p>\t\t\t\t\t\t\t\t<\/div>\n\t\t\t\t<\/div>\n\t\t\t\t\t<\/div>\n\t\t\t\t<\/div>\n\t\t\t\t<\/div>","protected":false},"excerpt":{"rendered":"<p>\u0645\u062a\u062e\u0635\u0635\u0648 \u062a\u0643\u0646\u0648\u0644\u0648\u062c\u064a\u0627 \u0627\u0644\u0645\u0639\u0644\u0648\u0645\u0627\u062a \u0627\u0644\u0645\u062a\u0648\u0641\u0631\u0648\u0646 \u062d\u0627\u0644\u064a\u064b\u0627 \u0627\u0628\u062d\u062b \u0639\u0646 \u0627\u0644\u0645\u0631\u0634\u062d\u064a\u0646 \u0627\u0644\u0645\u0646\u0627\u0633\u0628\u064a\u0646 \u0644\u0648\u0638\u064a\u0641\u062a\u0643. \u0644\u0642\u062f \u0645\u0644\u0623\u0646\u0627 \u0643\u0644 \u0645\u0646\u0635\u0628 \u0641\u064a \u0645\u062c\u0627\u0644 \u062a\u0643\u0646\u0648\u0644\u0648\u062c\u064a\u0627 \u0627\u0644\u0645\u0639\u0644\u0648\u0645\u0627\u062a.<\/p>","protected":false},"author":1,"featured_media":0,"parent":0,"menu_order":0,"comment_status":"closed","ping_status":"closed","template":"elementor_header_footer","meta":{"footnotes":""},"class_list":["post-17500","page","type-page","status-publish","hentry"],"yoast_head":"<!-- This site is optimized with the Yoast SEO Premium plugin v26.4 (Yoast SEO v26.4) - https:\/\/yoast.com\/wordpress\/plugins\/seo\/ -->\n<title>IT Fachkr\u00e4fte Vermittlung - aktuell verf\u00fcgbare Kandidaten<\/title>\n<meta name=\"description\" content=\"Erfahren Sie, warum IT Fachkr\u00e4fte f\u00fcr den Erfolg Ihres Unternehmens entscheidend sind und wie Sie die besten Talente gewinnen.\" \/>\n<meta name=\"robots\" content=\"index, follow, max-snippet:-1, max-image-preview:large, max-video-preview:-1\" \/>\n<link rel=\"canonical\" href=\"https:\/\/it-teams-global.de\/ar\/\u0645\u0631\u0634\u062d\u064a\u0646\/\" \/>\n<meta property=\"og:locale\" content=\"ar_AR\" \/>\n<meta property=\"og:type\" content=\"article\" \/>\n<meta property=\"og:title\" content=\"Aktuell verf\u00fcgbare IT Spezialisten\" \/>\n<meta property=\"og:description\" content=\"Erfahren Sie, warum IT Fachkr\u00e4fte f\u00fcr den Erfolg Ihres Unternehmens entscheidend sind und wie Sie die besten Talente gewinnen.\" \/>\n<meta property=\"og:url\" content=\"https:\/\/it-teams-global.de\/ar\/\u0645\u0631\u0634\u062d\u064a\u0646\/\" \/>\n<meta property=\"og:site_name\" content=\"IT Dienstleistungen International\" \/>\n<meta property=\"article:publisher\" content=\"https:\/\/www.facebook.com\/profile.php?id=61564444134427\" \/>\n<meta property=\"article:modified_time\" content=\"2025-06-04T07:51:28+00:00\" \/>\n<meta property=\"og:image\" content=\"https:\/\/it-teams-global.de\/wp-content\/uploads\/2023\/04\/tab-4-why-choose-us.jpg\" \/>\n\t<meta property=\"og:image:width\" content=\"700\" \/>\n\t<meta property=\"og:image:height\" content=\"410\" \/>\n\t<meta property=\"og:image:type\" content=\"image\/jpeg\" \/>\n<meta name=\"twitter:card\" content=\"summary_large_image\" \/>\n<meta name=\"twitter:label1\" content=\"\u0648\u0642\u062a \u0627\u0644\u0642\u0631\u0627\u0621\u0629 \u0627\u0644\u0645\u064f\u0642\u062f\u0651\u0631\" \/>\n\t<meta name=\"twitter:data1\" content=\"\u062f\u0642\u064a\u0642\u0629 \u0648\u0627\u062d\u062f\u0629\" \/>\n<script type=\"application\/ld+json\" class=\"yoast-schema-graph\">{\"@context\":\"https:\/\/schema.org\",\"@graph\":[{\"@type\":\"WebPage\",\"@id\":\"https:\/\/it-teams-global.de\/kandidaten\/\",\"url\":\"https:\/\/it-teams-global.de\/kandidaten\/\",\"name\":\"IT Fachkr\u00e4fte Vermittlung - aktuell verf\u00fcgbare Kandidaten\",\"isPartOf\":{\"@id\":\"https:\/\/it-teams-global.de\/#website\"},\"datePublished\":\"2024-10-15T11:25:20+00:00\",\"dateModified\":\"2025-06-04T07:51:28+00:00\",\"description\":\"Erfahren Sie, warum IT Fachkr\u00e4fte f\u00fcr den Erfolg Ihres Unternehmens entscheidend sind und wie Sie die besten Talente gewinnen.\",\"breadcrumb\":{\"@id\":\"https:\/\/it-teams-global.de\/kandidaten\/#breadcrumb\"},\"inLanguage\":\"ar\",\"potentialAction\":[{\"@type\":\"ReadAction\",\"target\":[\"https:\/\/it-teams-global.de\/kandidaten\/\"]}]},{\"@type\":\"BreadcrumbList\",\"@id\":\"https:\/\/it-teams-global.de\/kandidaten\/#breadcrumb\",\"itemListElement\":[{\"@type\":\"ListItem\",\"position\":1,\"name\":\"Startseite\",\"item\":\"https:\/\/it-teams-global.de\/\"},{\"@type\":\"ListItem\",\"position\":2,\"name\":\"Aktuell verf\u00fcgbare IT Spezialisten\"}]},{\"@type\":\"WebSite\",\"@id\":\"https:\/\/it-teams-global.de\/#website\",\"url\":\"https:\/\/it-teams-global.de\/\",\"name\":\"IT Dienstleistungen International\",\"description\":\"IT- Personalvermittlung, Arbeitnehmer\u00fcberlassung, Remote Teams\",\"publisher\":{\"@id\":\"https:\/\/it-teams-global.de\/#organization\"},\"alternateName\":\"IT Teams Global\",\"potentialAction\":[{\"@type\":\"SearchAction\",\"target\":{\"@type\":\"EntryPoint\",\"urlTemplate\":\"https:\/\/it-teams-global.de\/?s={search_term_string}\"},\"query-input\":{\"@type\":\"PropertyValueSpecification\",\"valueRequired\":true,\"valueName\":\"search_term_string\"}}],\"inLanguage\":\"ar\"},{\"@type\":\"Organization\",\"@id\":\"https:\/\/it-teams-global.de\/#organization\",\"name\":\"IT Teams Global\",\"alternateName\":\"Zeitarbeit International s.r.o.\",\"url\":\"https:\/\/it-teams-global.de\/\",\"logo\":{\"@type\":\"ImageObject\",\"inLanguage\":\"ar\",\"@id\":\"https:\/\/it-teams-global.de\/#\/schema\/logo\/image\/\",\"url\":\"https:\/\/it-teams-global.de\/wp-content\/uploads\/2022\/03\/TI_lila-e1722509225172.png\",\"contentUrl\":\"https:\/\/it-teams-global.de\/wp-content\/uploads\/2022\/03\/TI_lila-e1722509225172.png\",\"width\":457,\"height\":393,\"caption\":\"IT Teams Global\"},\"image\":{\"@id\":\"https:\/\/it-teams-global.de\/#\/schema\/logo\/image\/\"},\"sameAs\":[\"https:\/\/www.facebook.com\/profile.php?id=61564444134427\",\"https:\/\/www.linkedin.com\/company\/it-teams-global\/\"],\"description\":\"Als f\u00fchrender IT-Personaldienstleister sind wir auf die IT Rekrutierung, Beratung, Personalvermittlung sowie weitere Themen wie IT-Ressourcenmanagement, IT-Infrastrukturen und Offshoring, Cybersecurity spezialisiert.\u00a0Wir haben notwendiges Fachwissen, Erfahrung und die Ressourcen daf\u00fcr. Wir bieten Ihrem Unternehmen folgende Dienstleistungen: Netzwerkverwaltung, Server-Verwaltung, IT-Support Helpdesk, Cybersicherheit, Back-up und Systemwiederherstellung\",\"email\":\"info@it-teams-global.de\",\"telephone\":\"+49 172 7477707\",\"legalName\":\"Zeitarbeit International s.r.o.\"}]}<\/script>\n<!-- \/ Yoast SEO Premium plugin. -->","yoast_head_json":{"title":"\u062a\u0646\u0633\u064a\u0628 \u0645\u062a\u062e\u0635\u0635 \u0641\u064a \u062a\u0643\u0646\u0648\u0644\u0648\u062c\u064a\u0627 \u0627\u0644\u0645\u0639\u0644\u0648\u0645\u0627\u062a - \u0627\u0644\u0645\u0631\u0634\u062d\u0648\u0646 \u0627\u0644\u0645\u062a\u0627\u062d\u0648\u0646 \u062d\u0627\u0644\u064a\u064b\u0627","description":"\u0627\u0643\u062a\u0634\u0641 \u0633\u0628\u0628 \u0623\u0647\u0645\u064a\u0629 \u0648\u062c\u0648\u062f \u0645\u062a\u062e\u0635\u0635\u064a\u0646 \u0641\u064a \u062a\u0643\u0646\u0648\u0644\u0648\u062c\u064a\u0627 \u0627\u0644\u0645\u0639\u0644\u0648\u0645\u0627\u062a \u0644\u0646\u062c\u0627\u062d \u0634\u0631\u0643\u062a\u0643 \u0648\u0643\u064a\u0641 \u064a\u0645\u0643\u0646\u0643 \u062c\u0630\u0628 \u0623\u0641\u0636\u0644 \u0627\u0644\u0645\u0648\u0627\u0647\u0628.","robots":{"index":"index","follow":"follow","max-snippet":"max-snippet:-1","max-image-preview":"max-image-preview:large","max-video-preview":"max-video-preview:-1"},"canonical":"https:\/\/it-teams-global.de\/ar\/\u0645\u0631\u0634\u062d\u064a\u0646\/","og_locale":"ar_AR","og_type":"article","og_title":"Aktuell verf\u00fcgbare IT Spezialisten","og_description":"Erfahren Sie, warum IT Fachkr\u00e4fte f\u00fcr den Erfolg Ihres Unternehmens entscheidend sind und wie Sie die besten Talente gewinnen.","og_url":"https:\/\/it-teams-global.de\/ar\/\u0645\u0631\u0634\u062d\u064a\u0646\/","og_site_name":"IT Dienstleistungen International","article_publisher":"https:\/\/www.facebook.com\/profile.php?id=61564444134427","article_modified_time":"2025-06-04T07:51:28+00:00","og_image":[{"width":700,"height":410,"url":"https:\/\/it-teams-global.de\/wp-content\/uploads\/2023\/04\/tab-4-why-choose-us.jpg","type":"image\/jpeg"}],"twitter_card":"summary_large_image","twitter_misc":{"\u0648\u0642\u062a \u0627\u0644\u0642\u0631\u0627\u0621\u0629 \u0627\u0644\u0645\u064f\u0642\u062f\u0651\u0631":"\u062f\u0642\u064a\u0642\u0629 \u0648\u0627\u062d\u062f\u0629"},"schema":{"@context":"https:\/\/schema.org","@graph":[{"@type":"WebPage","@id":"https:\/\/it-teams-global.de\/kandidaten\/","url":"https:\/\/it-teams-global.de\/kandidaten\/","name":"\u062a\u0646\u0633\u064a\u0628 \u0645\u062a\u062e\u0635\u0635 \u0641\u064a \u062a\u0643\u0646\u0648\u0644\u0648\u062c\u064a\u0627 \u0627\u0644\u0645\u0639\u0644\u0648\u0645\u0627\u062a - \u0627\u0644\u0645\u0631\u0634\u062d\u0648\u0646 \u0627\u0644\u0645\u062a\u0627\u062d\u0648\u0646 \u062d\u0627\u0644\u064a\u064b\u0627","isPartOf":{"@id":"https:\/\/it-teams-global.de\/#website"},"datePublished":"2024-10-15T11:25:20+00:00","dateModified":"2025-06-04T07:51:28+00:00","description":"\u0627\u0643\u062a\u0634\u0641 \u0633\u0628\u0628 \u0623\u0647\u0645\u064a\u0629 \u0648\u062c\u0648\u062f \u0645\u062a\u062e\u0635\u0635\u064a\u0646 \u0641\u064a \u062a\u0643\u0646\u0648\u0644\u0648\u062c\u064a\u0627 \u0627\u0644\u0645\u0639\u0644\u0648\u0645\u0627\u062a \u0644\u0646\u062c\u0627\u062d \u0634\u0631\u0643\u062a\u0643 \u0648\u0643\u064a\u0641 \u064a\u0645\u0643\u0646\u0643 \u062c\u0630\u0628 \u0623\u0641\u0636\u0644 \u0627\u0644\u0645\u0648\u0627\u0647\u0628.","breadcrumb":{"@id":"https:\/\/it-teams-global.de\/kandidaten\/#breadcrumb"},"inLanguage":"ar","potentialAction":[{"@type":"ReadAction","target":["https:\/\/it-teams-global.de\/kandidaten\/"]}]},{"@type":"BreadcrumbList","@id":"https:\/\/it-teams-global.de\/kandidaten\/#breadcrumb","itemListElement":[{"@type":"ListItem","position":1,"name":"Startseite","item":"https:\/\/it-teams-global.de\/"},{"@type":"ListItem","position":2,"name":"Aktuell verf\u00fcgbare IT Spezialisten"}]},{"@type":"WebSite","@id":"https:\/\/it-teams-global.de\/#website","url":"https:\/\/it-teams-global.de\/","name":"\u062e\u062f\u0645\u0627\u062a \u062a\u0643\u0646\u0648\u0644\u0648\u062c\u064a\u0627 \u0627\u0644\u0645\u0639\u0644\u0648\u0645\u0627\u062a \u0627\u0644\u062f\u0648\u0644\u064a\u0629","description":"\u062a\u0648\u0638\u064a\u0641 \u062a\u0643\u0646\u0648\u0644\u0648\u062c\u064a\u0627 \u0627\u0644\u0645\u0639\u0644\u0648\u0645\u0627\u062a\u060c \u0648\u0627\u0644\u062a\u0648\u0638\u064a\u0641 \u0627\u0644\u0645\u0624\u0642\u062a\u060c \u0648\u0641\u0631\u0642 \u0627\u0644\u0639\u0645\u0644 \u0639\u0646 \u0628\u064f\u0639\u062f","publisher":{"@id":"https:\/\/it-teams-global.de\/#organization"},"alternateName":"IT Teams Global","potentialAction":[{"@type":"SearchAction","target":{"@type":"EntryPoint","urlTemplate":"https:\/\/it-teams-global.de\/?s={search_term_string}"},"query-input":{"@type":"PropertyValueSpecification","valueRequired":true,"valueName":"search_term_string"}}],"inLanguage":"ar"},{"@type":"Organization","@id":"https:\/\/it-teams-global.de\/#organization","name":"\u0641\u0631\u0642 \u062a\u0643\u0646\u0648\u0644\u0648\u062c\u064a\u0627 \u0627\u0644\u0645\u0639\u0644\u0648\u0645\u0627\u062a \u0627\u0644\u0639\u0627\u0644\u0645\u064a\u0629","alternateName":"Zeitarbeit International s.r.o.","url":"https:\/\/it-teams-global.de\/","logo":{"@type":"ImageObject","inLanguage":"ar","@id":"https:\/\/it-teams-global.de\/#\/schema\/logo\/image\/","url":"https:\/\/it-teams-global.de\/wp-content\/uploads\/2022\/03\/TI_lila-e1722509225172.png","contentUrl":"https:\/\/it-teams-global.de\/wp-content\/uploads\/2022\/03\/TI_lila-e1722509225172.png","width":457,"height":393,"caption":"IT Teams Global"},"image":{"@id":"https:\/\/it-teams-global.de\/#\/schema\/logo\/image\/"},"sameAs":["https:\/\/www.facebook.com\/profile.php?id=61564444134427","https:\/\/www.linkedin.com\/company\/it-teams-global\/"],"description":"\u0628\u0635\u0641\u062a\u0646\u0627 \u0634\u0631\u0643\u0629 \u0631\u0627\u0626\u062f\u0629 \u0641\u064a \u0645\u062c\u0627\u0644 \u062a\u0648\u0641\u064a\u0631 \u062e\u062f\u0645\u0627\u062a \u0645\u0648\u0638\u0641\u064a \u062a\u0643\u0646\u0648\u0644\u0648\u062c\u064a\u0627 \u0627\u0644\u0645\u0639\u0644\u0648\u0645\u0627\u062a\u060c \u0646\u062d\u0646 \u0645\u062a\u062e\u0635\u0635\u0648\u0646 \u0641\u064a \u0627\u0644\u062a\u0648\u0638\u064a\u0641 \u0648\u0627\u0644\u0627\u0633\u062a\u0634\u0627\u0631\u0627\u062a \u0648\u062a\u0646\u0633\u064a\u0628 \u0627\u0644\u0645\u0648\u0638\u0641\u064a\u0646 \u0641\u064a \u0645\u062c\u0627\u0644 \u062a\u0643\u0646\u0648\u0644\u0648\u062c\u064a\u0627 \u0627\u0644\u0645\u0639\u0644\u0648\u0645\u0627\u062a \u0648\u0645\u0648\u0627\u0636\u064a\u0639 \u0623\u062e\u0631\u0649 \u0645\u062b\u0644 \u0625\u062f\u0627\u0631\u0629 \u0645\u0648\u0627\u0631\u062f \u062a\u0643\u0646\u0648\u0644\u0648\u062c\u064a\u0627 \u0627\u0644\u0645\u0639\u0644\u0648\u0645\u0627\u062a \u0648\u0627\u0644\u0628\u0646\u0649 \u0627\u0644\u062a\u062d\u062a\u064a\u0629 \u0644\u062a\u0643\u0646\u0648\u0644\u0648\u062c\u064a\u0627 \u0627\u0644\u0645\u0639\u0644\u0648\u0645\u0627\u062a \u0648\u0627\u0644\u0646\u0642\u0644 \u0625\u0644\u0649 \u0627\u0644\u062e\u0627\u0631\u062c \u0648\u0627\u0644\u0623\u0645\u0646 \u0627\u0644\u0633\u064a\u0628\u0631\u0627\u0646\u064a. \u0644\u062f\u064a\u0646\u0627 \u0627\u0644\u062e\u0628\u0631\u0629 \u0648\u0627\u0644\u062a\u062c\u0631\u0628\u0629 \u0648\u0627\u0644\u0645\u0648\u0627\u0631\u062f \u0627\u0644\u0644\u0627\u0632\u0645\u0629. \u0646\u0642\u062f\u0645 \u0644\u0634\u0631\u0643\u062a\u0643 \u0627\u0644\u062e\u062f\u0645\u0627\u062a \u0627\u0644\u062a\u0627\u0644\u064a\u0629: \u0625\u062f\u0627\u0631\u0629 \u0627\u0644\u0634\u0628\u0643\u0629\u060c \u0648\u0625\u062f\u0627\u0631\u0629 \u0627\u0644\u062e\u0648\u0627\u062f\u0645\u060c \u0648\u0645\u0643\u062a\u0628 \u0645\u0633\u0627\u0639\u062f\u0629 \u062f\u0639\u0645 \u062a\u0643\u0646\u0648\u0644\u0648\u062c\u064a\u0627 \u0627\u0644\u0645\u0639\u0644\u0648\u0645\u0627\u062a\u060c \u0648\u0627\u0644\u0623\u0645\u0646 \u0627\u0644\u0633\u064a\u0628\u0631\u0627\u0646\u064a\u060c \u0648\u0627\u0644\u0646\u0633\u062e \u0627\u0644\u0627\u062d\u062a\u064a\u0627\u0637\u064a \u0648\u0627\u0633\u062a\u0639\u0627\u062f\u0629 \u0627\u0644\u0646\u0638\u0627\u0645","email":"info@it-teams-global.de","telephone":"+49 172 7477707","legalName":"Zeitarbeit International s.r.o."}]}},"_links":{"self":[{"href":"https:\/\/it-teams-global.de\/ar\/wp-json\/wp\/v2\/pages\/17500","targetHints":{"allow":["GET"]}}],"collection":[{"href":"https:\/\/it-teams-global.de\/ar\/wp-json\/wp\/v2\/pages"}],"about":[{"href":"https:\/\/it-teams-global.de\/ar\/wp-json\/wp\/v2\/types\/page"}],"author":[{"embeddable":true,"href":"https:\/\/it-teams-global.de\/ar\/wp-json\/wp\/v2\/users\/1"}],"replies":[{"embeddable":true,"href":"https:\/\/it-teams-global.de\/ar\/wp-json\/wp\/v2\/comments?post=17500"}],"version-history":[{"count":10,"href":"https:\/\/it-teams-global.de\/ar\/wp-json\/wp\/v2\/pages\/17500\/revisions"}],"predecessor-version":[{"id":17696,"href":"https:\/\/it-teams-global.de\/ar\/wp-json\/wp\/v2\/pages\/17500\/revisions\/17696"}],"wp:attachment":[{"href":"https:\/\/it-teams-global.de\/ar\/wp-json\/wp\/v2\/media?parent=17500"}],"curies":[{"name":"\u062f\u0628\u0644\u064a\u0648 \u0628\u064a","href":"https:\/\/api.w.org\/{rel}","templated":true}]}}