{"id":16387,"date":"2024-08-09T10:46:23","date_gmt":"2024-08-09T08:46:23","guid":{"rendered":"https:\/\/it-teams-global.de\/?page_id=16387"},"modified":"2026-02-10T09:23:16","modified_gmt":"2026-02-10T08:23:16","slug":"imprint","status":"publish","type":"page","link":"https:\/\/it-teams-global.de\/en\/imprint\/","title":{"rendered":"Imprint"},"content":{"rendered":"<div data-elementor-type=\"wp-page\" data-elementor-id=\"16387\" class=\"elementor elementor-16387\">\n\t\t\t\t<div class=\"elementor-element elementor-element-994f10c e-flex e-con-boxed e-con e-parent\" data-id=\"994f10c\" data-element_type=\"container\">\n\t\t\t\t\t<div class=\"e-con-inner\">\n\t\t\t\t<div class=\"elementor-element elementor-element-b2b17cc elementor-widget elementor-widget-text-editor\" data-id=\"b2b17cc\" data-element_type=\"widget\" data-widget_type=\"text-editor.default\">\n\t\t\t\t<div class=\"elementor-widget-container\">\n\t\t\t\t\t\t\t\t\t<h2><strong>Information according to \u00a7 5 TMG:<\/strong><\/h2><p><strong>Temporary Employment International s.r.o.<\/strong><\/p><p>\u010cerny\u0161evsk\u00e9ho 10<br \/>851 01 Bratislava<\/p><p><strong>German representative office<\/strong>: <br \/>Neuneralmweg 11<br \/>82491 Grainau<\/p><p>VAT number: SK2122039601<\/p><p>Managing Director:<br \/>Peter Gassenmaier<\/p><h3>Contact:<\/h3><p>Telefon: +49 172 7477707<br \/>E-mail: info@zeitarbeit-international.de<\/p><h3>Dispute resolution<\/h3><p>The European Commission provides a platform for online dispute resolution (ODR):\u00a0<a href=\"https:\/\/ec.europa.eu\/consumers\/odr\">https:\/\/ec.europa.eu\/consumers\/odr<\/a>.<br \/>You can find our e-mail address in the legal notice above.<\/p><p>We are not willing or obliged to participate in dispute resolution proceedings before a consumer arbitration board.<\/p><h3>Liability for content<\/h3><p>As a service provider, we are responsible for our own content on these pages in accordance with Section 7 (1) TMG (German Telemedia Act) and general legislation. According to \u00a7\u00a7 8 to 10 TMG, however, we as a service provider are not obliged to monitor transmitted or stored third-party information or to investigate circumstances that indicate illegal activity.<\/p><p>Obligations to remove or block the use of information in accordance with general legislation remain unaffected by this. However, liability in this respect is only possible from the time we become aware of a specific infringement. As soon as we become aware of such infringements, we will remove this content immediately.<\/p><h3>Liability for links<\/h3><p>Our website contains links to external third-party websites over whose content we have no influence. Therefore, we cannot accept any liability for this third-party content. The respective provider or operator of the pages is always responsible for the content of the linked pages. The linked pages were checked for possible legal violations at the time of linking. Illegal content was not recognizable at the time of linking.<\/p><p>However, permanent monitoring of the content of the linked pages is not reasonable without concrete evidence of an infringement. If we become aware of any legal infringements, we will remove such links immediately.<\/p><h3>Copyright<\/h3><p>The content and works created by the site operators on these pages are subject to German copyright law. Duplication, processing, distribution and any form of commercialization of such material beyond the scope of the copyright law shall require the prior written consent of its respective author or creator. Downloads and copies of this site are only permitted for private, non-commercial use.<\/p><p>Insofar as the content on this site was not created by the operator, the copyrights of third parties are respected. In particular, third-party content is identified as such. Should you nevertheless become aware of a copyright infringement, please inform us accordingly. If we become aware of any infringements, we will remove such content immediately.<\/p>\t\t\t\t\t\t\t\t<\/div>\n\t\t\t\t<\/div>\n\t\t\t\t\t<\/div>\n\t\t\t\t<\/div>\n\t\t\t\t<\/div>","protected":false},"excerpt":{"rendered":"<p>Angaben gem\u00e4\u00df \u00a7 5 TMG: Zeitarbeit International s.r.o. \u010cerny\u0161evsk\u00e9ho 10851 01 Bratislava Deutsche Repr\u00e4sentanz: Neuneralmweg 1182491 Grainau USt-IdNr: SK2122039601 Gesch\u00e4ftsf\u00fchrer:Peter Gassenmaier Kontakt: Telefon: +49 172 7477707E-Mail: info@zeitarbeit-international.de Streitschlichtung Die Europ\u00e4ische Kommission stellt eine Plattform zur Online-Streitbeilegung (OS) bereit:\u00a0https:\/\/ec.europa.eu\/consumers\/odr.Unsere E-Mail-Adresse finden Sie oben im Impressum. Wir sind nicht bereit oder verpflichtet, an Streitbeilegungsverfahren vor einer Verbraucherschlichtungsstelle [&hellip;]<\/p>","protected":false},"author":1,"featured_media":0,"parent":0,"menu_order":0,"comment_status":"closed","ping_status":"closed","template":"elementor_header_footer","meta":{"footnotes":""},"class_list":["post-16387","page","type-page","status-publish","hentry"],"yoast_head":"<!-- This site is optimized with the Yoast SEO Premium plugin v26.4 (Yoast SEO v26.4) - https:\/\/yoast.com\/wordpress\/plugins\/seo\/ -->\n<title>Impressum - IT Dienstleistungen International<\/title>\n<meta name=\"robots\" content=\"index, follow, max-snippet:-1, max-image-preview:large, max-video-preview:-1\" \/>\n<link rel=\"canonical\" href=\"https:\/\/it-teams-global.de\/en\/imprint\/\" \/>\n<meta property=\"og:locale\" content=\"en_US\" \/>\n<meta property=\"og:type\" content=\"article\" \/>\n<meta property=\"og:title\" content=\"Impressum\" \/>\n<meta property=\"og:description\" content=\"Angaben gem\u00e4\u00df \u00a7 5 TMG: Zeitarbeit International s.r.o. \u010cerny\u0161evsk\u00e9ho 10851 01 Bratislava Deutsche Repr\u00e4sentanz: Neuneralmweg 1182491 Grainau USt-IdNr: SK2122039601 Gesch\u00e4ftsf\u00fchrer:Peter Gassenmaier Kontakt: Telefon: +49 172 7477707E-Mail: info@zeitarbeit-international.de Streitschlichtung Die Europ\u00e4ische Kommission stellt eine Plattform zur Online-Streitbeilegung (OS) bereit:\u00a0https:\/\/ec.europa.eu\/consumers\/odr.Unsere E-Mail-Adresse finden Sie oben im Impressum. Wir sind nicht bereit oder verpflichtet, an Streitbeilegungsverfahren vor einer Verbraucherschlichtungsstelle [&hellip;]\" \/>\n<meta property=\"og:url\" content=\"https:\/\/it-teams-global.de\/en\/imprint\/\" \/>\n<meta property=\"og:site_name\" content=\"IT Dienstleistungen International\" \/>\n<meta property=\"article:publisher\" content=\"https:\/\/www.facebook.com\/profile.php?id=61564444134427\" \/>\n<meta property=\"article:modified_time\" content=\"2026-02-10T08:23:16+00:00\" \/>\n<meta property=\"og:image\" content=\"https:\/\/it-teams-global.de\/wp-content\/uploads\/2023\/04\/tab-4-why-choose-us.jpg\" \/>\n\t<meta property=\"og:image:width\" content=\"700\" \/>\n\t<meta property=\"og:image:height\" content=\"410\" \/>\n\t<meta property=\"og:image:type\" content=\"image\/jpeg\" \/>\n<meta name=\"twitter:card\" content=\"summary_large_image\" \/>\n<script type=\"application\/ld+json\" class=\"yoast-schema-graph\">{\"@context\":\"https:\/\/schema.org\",\"@graph\":[{\"@type\":\"WebPage\",\"@id\":\"https:\/\/it-teams-global.de\/impressum\/\",\"url\":\"https:\/\/it-teams-global.de\/impressum\/\",\"name\":\"Impressum - IT Dienstleistungen International\",\"isPartOf\":{\"@id\":\"https:\/\/it-teams-global.de\/#website\"},\"datePublished\":\"2024-08-09T08:46:23+00:00\",\"dateModified\":\"2026-02-10T08:23:16+00:00\",\"breadcrumb\":{\"@id\":\"https:\/\/it-teams-global.de\/impressum\/#breadcrumb\"},\"inLanguage\":\"en-US\",\"potentialAction\":[{\"@type\":\"ReadAction\",\"target\":[\"https:\/\/it-teams-global.de\/impressum\/\"]}]},{\"@type\":\"BreadcrumbList\",\"@id\":\"https:\/\/it-teams-global.de\/impressum\/#breadcrumb\",\"itemListElement\":[{\"@type\":\"ListItem\",\"position\":1,\"name\":\"Startseite\",\"item\":\"https:\/\/it-teams-global.de\/\"},{\"@type\":\"ListItem\",\"position\":2,\"name\":\"Impressum\"}]},{\"@type\":\"WebSite\",\"@id\":\"https:\/\/it-teams-global.de\/#website\",\"url\":\"https:\/\/it-teams-global.de\/\",\"name\":\"IT Dienstleistungen International\",\"description\":\"IT- Personalvermittlung, Arbeitnehmer\u00fcberlassung, Remote Teams\",\"publisher\":{\"@id\":\"https:\/\/it-teams-global.de\/#organization\"},\"alternateName\":\"IT Teams Global\",\"potentialAction\":[{\"@type\":\"SearchAction\",\"target\":{\"@type\":\"EntryPoint\",\"urlTemplate\":\"https:\/\/it-teams-global.de\/?s={search_term_string}\"},\"query-input\":{\"@type\":\"PropertyValueSpecification\",\"valueRequired\":true,\"valueName\":\"search_term_string\"}}],\"inLanguage\":\"en-US\"},{\"@type\":\"Organization\",\"@id\":\"https:\/\/it-teams-global.de\/#organization\",\"name\":\"IT Teams Global\",\"alternateName\":\"Zeitarbeit International s.r.o.\",\"url\":\"https:\/\/it-teams-global.de\/\",\"logo\":{\"@type\":\"ImageObject\",\"inLanguage\":\"en-US\",\"@id\":\"https:\/\/it-teams-global.de\/#\/schema\/logo\/image\/\",\"url\":\"https:\/\/it-teams-global.de\/wp-content\/uploads\/2022\/03\/TI_lila-e1722509225172.png\",\"contentUrl\":\"https:\/\/it-teams-global.de\/wp-content\/uploads\/2022\/03\/TI_lila-e1722509225172.png\",\"width\":457,\"height\":393,\"caption\":\"IT Teams Global\"},\"image\":{\"@id\":\"https:\/\/it-teams-global.de\/#\/schema\/logo\/image\/\"},\"sameAs\":[\"https:\/\/www.facebook.com\/profile.php?id=61564444134427\",\"https:\/\/www.linkedin.com\/company\/it-teams-global\/\"],\"description\":\"Als f\u00fchrender IT-Personaldienstleister sind wir auf die IT Rekrutierung, Beratung, Personalvermittlung sowie weitere Themen wie IT-Ressourcenmanagement, IT-Infrastrukturen und Offshoring, Cybersecurity spezialisiert.\u00a0Wir haben notwendiges Fachwissen, Erfahrung und die Ressourcen daf\u00fcr. Wir bieten Ihrem Unternehmen folgende Dienstleistungen: Netzwerkverwaltung, Server-Verwaltung, IT-Support Helpdesk, Cybersicherheit, Back-up und Systemwiederherstellung\",\"email\":\"info@it-teams-global.de\",\"telephone\":\"+49 172 7477707\",\"legalName\":\"Zeitarbeit International s.r.o.\"}]}<\/script>\n<!-- \/ Yoast SEO Premium plugin. -->","yoast_head_json":{"title":"Imprint - IT Services International","robots":{"index":"index","follow":"follow","max-snippet":"max-snippet:-1","max-image-preview":"max-image-preview:large","max-video-preview":"max-video-preview:-1"},"canonical":"https:\/\/it-teams-global.de\/en\/imprint\/","og_locale":"en_US","og_type":"article","og_title":"Impressum","og_description":"Angaben gem\u00e4\u00df \u00a7 5 TMG: Zeitarbeit International s.r.o. \u010cerny\u0161evsk\u00e9ho 10851 01 Bratislava Deutsche Repr\u00e4sentanz: Neuneralmweg 1182491 Grainau USt-IdNr: SK2122039601 Gesch\u00e4ftsf\u00fchrer:Peter Gassenmaier Kontakt: Telefon: +49 172 7477707E-Mail: info@zeitarbeit-international.de Streitschlichtung Die Europ\u00e4ische Kommission stellt eine Plattform zur Online-Streitbeilegung (OS) bereit:\u00a0https:\/\/ec.europa.eu\/consumers\/odr.Unsere E-Mail-Adresse finden Sie oben im Impressum. Wir sind nicht bereit oder verpflichtet, an Streitbeilegungsverfahren vor einer Verbraucherschlichtungsstelle [&hellip;]","og_url":"https:\/\/it-teams-global.de\/en\/imprint\/","og_site_name":"IT Dienstleistungen International","article_publisher":"https:\/\/www.facebook.com\/profile.php?id=61564444134427","article_modified_time":"2026-02-10T08:23:16+00:00","og_image":[{"width":700,"height":410,"url":"https:\/\/it-teams-global.de\/wp-content\/uploads\/2023\/04\/tab-4-why-choose-us.jpg","type":"image\/jpeg"}],"twitter_card":"summary_large_image","schema":{"@context":"https:\/\/schema.org","@graph":[{"@type":"WebPage","@id":"https:\/\/it-teams-global.de\/impressum\/","url":"https:\/\/it-teams-global.de\/impressum\/","name":"Imprint - IT Services International","isPartOf":{"@id":"https:\/\/it-teams-global.de\/#website"},"datePublished":"2024-08-09T08:46:23+00:00","dateModified":"2026-02-10T08:23:16+00:00","breadcrumb":{"@id":"https:\/\/it-teams-global.de\/impressum\/#breadcrumb"},"inLanguage":"en-US","potentialAction":[{"@type":"ReadAction","target":["https:\/\/it-teams-global.de\/impressum\/"]}]},{"@type":"BreadcrumbList","@id":"https:\/\/it-teams-global.de\/impressum\/#breadcrumb","itemListElement":[{"@type":"ListItem","position":1,"name":"Startseite","item":"https:\/\/it-teams-global.de\/"},{"@type":"ListItem","position":2,"name":"Impressum"}]},{"@type":"WebSite","@id":"https:\/\/it-teams-global.de\/#website","url":"https:\/\/it-teams-global.de\/","name":"IT Services International","description":"IT recruitment, temporary employment, remote teams","publisher":{"@id":"https:\/\/it-teams-global.de\/#organization"},"alternateName":"IT Teams Global","potentialAction":[{"@type":"SearchAction","target":{"@type":"EntryPoint","urlTemplate":"https:\/\/it-teams-global.de\/?s={search_term_string}"},"query-input":{"@type":"PropertyValueSpecification","valueRequired":true,"valueName":"search_term_string"}}],"inLanguage":"en-US"},{"@type":"Organization","@id":"https:\/\/it-teams-global.de\/#organization","name":"IT Teams Global","alternateName":"Zeitarbeit International s.r.o.","url":"https:\/\/it-teams-global.de\/","logo":{"@type":"ImageObject","inLanguage":"en-US","@id":"https:\/\/it-teams-global.de\/#\/schema\/logo\/image\/","url":"https:\/\/it-teams-global.de\/wp-content\/uploads\/2022\/03\/TI_lila-e1722509225172.png","contentUrl":"https:\/\/it-teams-global.de\/wp-content\/uploads\/2022\/03\/TI_lila-e1722509225172.png","width":457,"height":393,"caption":"IT Teams Global"},"image":{"@id":"https:\/\/it-teams-global.de\/#\/schema\/logo\/image\/"},"sameAs":["https:\/\/www.facebook.com\/profile.php?id=61564444134427","https:\/\/www.linkedin.com\/company\/it-teams-global\/"],"description":"As a leading IT personnel service provider, we specialize in IT recruitment, consulting, personnel placement and other topics such as IT resource management, IT infrastructures and offshoring, cybersecurity. We have the necessary expertise, experience and resources. We offer your company the following services: Network administration, server administration, IT support helpdesk, cybersecurity, back-up and system recovery.","email":"info@it-teams-global.de","telephone":"+49 172 7477707","legalName":"Zeitarbeit International s.r.o."}]}},"_links":{"self":[{"href":"https:\/\/it-teams-global.de\/en\/wp-json\/wp\/v2\/pages\/16387","targetHints":{"allow":["GET"]}}],"collection":[{"href":"https:\/\/it-teams-global.de\/en\/wp-json\/wp\/v2\/pages"}],"about":[{"href":"https:\/\/it-teams-global.de\/en\/wp-json\/wp\/v2\/types\/page"}],"author":[{"embeddable":true,"href":"https:\/\/it-teams-global.de\/en\/wp-json\/wp\/v2\/users\/1"}],"replies":[{"embeddable":true,"href":"https:\/\/it-teams-global.de\/en\/wp-json\/wp\/v2\/comments?post=16387"}],"version-history":[{"count":10,"href":"https:\/\/it-teams-global.de\/en\/wp-json\/wp\/v2\/pages\/16387\/revisions"}],"predecessor-version":[{"id":22164,"href":"https:\/\/it-teams-global.de\/en\/wp-json\/wp\/v2\/pages\/16387\/revisions\/22164"}],"wp:attachment":[{"href":"https:\/\/it-teams-global.de\/en\/wp-json\/wp\/v2\/media?parent=16387"}],"curies":[{"name":"wp","href":"https:\/\/api.w.org\/{rel}","templated":true}]}}