{"id":17500,"date":"2024-10-15T13:25:20","date_gmt":"2024-10-15T11:25:20","guid":{"rendered":"https:\/\/it-teams-global.de\/?page_id=17500"},"modified":"2025-06-04T09:51:28","modified_gmt":"2025-06-04T07:51:28","slug":"candidates","status":"publish","type":"page","link":"https:\/\/it-teams-global.de\/en\/candidates\/","title":{"rendered":"Currently Available IT Specialists"},"content":{"rendered":"<div data-elementor-type=\"wp-page\" data-elementor-id=\"17500\" class=\"elementor elementor-17500\">\n\t\t\t\t<div class=\"elementor-element elementor-element-78bd1ce e-flex e-con-boxed e-con e-parent\" data-id=\"78bd1ce\" data-element_type=\"container\">\n\t\t\t\t\t<div class=\"e-con-inner\">\n\t\t\t\t<div class=\"elementor-element elementor-element-822370b elementor-widget elementor-widget-heading\" data-id=\"822370b\" data-element_type=\"widget\" data-widget_type=\"heading.default\">\n\t\t\t\t<div class=\"elementor-widget-container\">\n\t\t\t\t\t<h1 class=\"elementor-heading-title elementor-size-default\">Currently available IT specialists<\/h1>\t\t\t\t<\/div>\n\t\t\t\t<\/div>\n\t\t\t\t<div class=\"elementor-element elementor-element-684bca1 elementor-widget elementor-widget-text-editor\" data-id=\"684bca1\" data-element_type=\"widget\" data-widget_type=\"text-editor.default\">\n\t\t\t\t<div class=\"elementor-widget-container\">\n\t\t\t\t\t\t\t\t\t<h5>Find suitable candidates for your job. We fill every IT position.<\/h5>\t\t\t\t\t\t\t\t<\/div>\n\t\t\t\t<\/div>\n\t\t\t\t<div class=\"elementor-element elementor-element-d3684ee elementor-widget elementor-widget-text-editor\" data-id=\"d3684ee\" data-element_type=\"widget\" data-widget_type=\"text-editor.default\">\n\t\t\t\t<div class=\"elementor-widget-container\">\n\t\t\t\t\t\t\t\t\t<p><div class=\"job_listings\" data-location=\"\" data-keywords=\"\" data-show_filters=\"true\" data-show_pagination=\"false\" data-per_page=\"20\" data-orderby=\"featured\" data-order=\"DESC\" data-categories=\"\" data-disable-form-state-storage=\"\" data-featured_first=\"false\" data-post_id=\"17500\" >\n<form class=\"job_filters\" action=\"\">\n\t\n\t<div class=\"search_jobs\">\n\t\t\n\t\t<div class=\"search_keywords\">\n\t\t\t<label for=\"search_keywords\">Keywords<\/label>\n\t\t\t<input type=\"text\" name=\"search_keywords\" id=\"search_keywords\" placeholder=\"Keywords\" value=\"\" \/>\n\t\t<\/div>\n\n\t\t<div class=\"search_location\">\n\t\t\t<label for=\"search_location\">Location<\/label>\n\t\t\t<input type=\"text\" name=\"search_location\" id=\"search_location\" placeholder=\"Location\" value=\"\" \/>\n\t\t<\/div>\n\n\t\t\n\t\t<div style=\"clear: both\"><\/div>\n\n\t\t\t\t\t<div class=\"search_categories\">\n\t\t\t\t<label for=\"search_categories\">Category<\/label>\n\t\t\t\t\t\t\t\t\t<select name='search_categories[]' id='search_categories' class='job-manager-category-dropdown' multiple='multiple' data-placeholder='Choose a category&hellip;' data-no_results_text='No results match' data-multiple_text='Select Some Options'>\n\t<option class=\"level-0\" value=\"114\">Architect<\/option>\n\t<option class=\"level-0\" value=\"106\">Automation Engineer<\/option>\n\t<option class=\"level-0\" value=\"130\">Cloud technologies<\/option>\n\t<option class=\"level-0\" value=\"132\">Cybersecurity<\/option>\n\t<option class=\"level-0\" value=\"126\">Mobile developer<\/option>\n\t<option class=\"level-0\" value=\"131\">Scrum Masters<\/option>\n\t<option class=\"level-0\" value=\"115\">Software Engineer<\/option>\n\t<option class=\"level-0\" value=\"104\">Software Developer<\/option>\n\t<option class=\"level-0\" value=\"125\">Test Engineer<\/option>\n\t<option class=\"level-0\" value=\"105\">UX\/UI Designer<\/option>\n\t<option class=\"level-0\" value=\"128\">Web developer<\/option>\n<\/select>\n\t\t\t\t\t\t\t<\/div>\n\t\t\n\t\t\t\t\t<div class=\"search_submit\">\n\t\t\t\t<input type=\"submit\" value=\"Search Jobs\">\n\t\t\t<\/div>\n\t\t\n\t\t\t<\/div>\n\n\t\t<ul class=\"job_types\">\n\t\t\t\t\t<li><label for=\"job_type_freelancer\" class=\"freelancer\"><input type=\"checkbox\" name=\"filter_job_type[]\" value=\"freelancer\"  checked='checked' id=\"job_type_freelancer\" \/> Freelancer<\/label><\/li>\n\t\t\t\t\t<li><label for=\"job_type_all-beschaeftigungsformen\" class=\"remote\"><input type=\"checkbox\" name=\"filter_job_type[]\" value=\"all-beschaeftigungsformen\"  checked='checked' id=\"job_type_all-beschaeftigungsformen\" \/> Remote<\/label><\/li>\n\t\t\t\t\t<li><label for=\"job_type_vollzeit\" class=\"vor-ort\"><input type=\"checkbox\" name=\"filter_job_type[]\" value=\"vollzeit\"  checked='checked' id=\"job_type_vollzeit\" \/> On site<\/label><\/li>\n\t\t\t<\/ul>\n\t<input type=\"hidden\" name=\"filter_job_type[]\" value=\"\" \/>\n<div class=\"showing_jobs\"><\/div><input type=\"hidden\" name=\"trp-form-language\" value=\"en\"\/><\/form>\n\n\n<noscript>Your browser does not support JavaScript, or it is disabled. JavaScript must be enabled in order to view listings.<\/noscript>\n<ul class=\"job_listings\">\n<\/ul>\n<a class=\"load_more_jobs\" href=\"#\" style=\"display:none;\"><strong>Load more listings<\/strong><\/a><\/div><\/p>\t\t\t\t\t\t\t\t<\/div>\n\t\t\t\t<\/div>\n\t\t\t\t\t<\/div>\n\t\t\t\t<\/div>\n\t\t\t\t<\/div>","protected":false},"excerpt":{"rendered":"<p>Currently available IT specialists Find suitable candidates for your job. We fill every IT position.<\/p>","protected":false},"author":1,"featured_media":0,"parent":0,"menu_order":0,"comment_status":"closed","ping_status":"closed","template":"elementor_header_footer","meta":{"footnotes":""},"class_list":["post-17500","page","type-page","status-publish","hentry"],"yoast_head":"<!-- This site is optimized with the Yoast SEO Premium plugin v26.4 (Yoast SEO v26.4) - https:\/\/yoast.com\/wordpress\/plugins\/seo\/ -->\n<title>IT Fachkr\u00e4fte Vermittlung - aktuell verf\u00fcgbare Kandidaten<\/title>\n<meta name=\"description\" content=\"Erfahren Sie, warum IT Fachkr\u00e4fte f\u00fcr den Erfolg Ihres Unternehmens entscheidend sind und wie Sie die besten Talente gewinnen.\" \/>\n<meta name=\"robots\" content=\"index, follow, max-snippet:-1, max-image-preview:large, max-video-preview:-1\" \/>\n<link rel=\"canonical\" href=\"https:\/\/it-teams-global.de\/en\/candidates\/\" \/>\n<meta property=\"og:locale\" content=\"en_US\" \/>\n<meta property=\"og:type\" content=\"article\" \/>\n<meta property=\"og:title\" content=\"Aktuell verf\u00fcgbare IT Spezialisten\" \/>\n<meta property=\"og:description\" content=\"Erfahren Sie, warum IT Fachkr\u00e4fte f\u00fcr den Erfolg Ihres Unternehmens entscheidend sind und wie Sie die besten Talente gewinnen.\" \/>\n<meta property=\"og:url\" content=\"https:\/\/it-teams-global.de\/en\/candidates\/\" \/>\n<meta property=\"og:site_name\" content=\"IT Dienstleistungen International\" \/>\n<meta property=\"article:publisher\" content=\"https:\/\/www.facebook.com\/profile.php?id=61564444134427\" \/>\n<meta property=\"article:modified_time\" content=\"2025-06-04T07:51:28+00:00\" \/>\n<meta property=\"og:image\" content=\"https:\/\/it-teams-global.de\/wp-content\/uploads\/2023\/04\/tab-4-why-choose-us.jpg\" \/>\n\t<meta property=\"og:image:width\" content=\"700\" \/>\n\t<meta property=\"og:image:height\" content=\"410\" \/>\n\t<meta property=\"og:image:type\" content=\"image\/jpeg\" \/>\n<meta name=\"twitter:card\" content=\"summary_large_image\" \/>\n<meta name=\"twitter:label1\" content=\"Est. reading time\" \/>\n\t<meta name=\"twitter:data1\" content=\"1 minute\" \/>\n<script type=\"application\/ld+json\" class=\"yoast-schema-graph\">{\"@context\":\"https:\/\/schema.org\",\"@graph\":[{\"@type\":\"WebPage\",\"@id\":\"https:\/\/it-teams-global.de\/kandidaten\/\",\"url\":\"https:\/\/it-teams-global.de\/kandidaten\/\",\"name\":\"IT Fachkr\u00e4fte Vermittlung - aktuell verf\u00fcgbare Kandidaten\",\"isPartOf\":{\"@id\":\"https:\/\/it-teams-global.de\/#website\"},\"datePublished\":\"2024-10-15T11:25:20+00:00\",\"dateModified\":\"2025-06-04T07:51:28+00:00\",\"description\":\"Erfahren Sie, warum IT Fachkr\u00e4fte f\u00fcr den Erfolg Ihres Unternehmens entscheidend sind und wie Sie die besten Talente gewinnen.\",\"breadcrumb\":{\"@id\":\"https:\/\/it-teams-global.de\/kandidaten\/#breadcrumb\"},\"inLanguage\":\"en-US\",\"potentialAction\":[{\"@type\":\"ReadAction\",\"target\":[\"https:\/\/it-teams-global.de\/kandidaten\/\"]}]},{\"@type\":\"BreadcrumbList\",\"@id\":\"https:\/\/it-teams-global.de\/kandidaten\/#breadcrumb\",\"itemListElement\":[{\"@type\":\"ListItem\",\"position\":1,\"name\":\"Startseite\",\"item\":\"https:\/\/it-teams-global.de\/\"},{\"@type\":\"ListItem\",\"position\":2,\"name\":\"Aktuell verf\u00fcgbare IT Spezialisten\"}]},{\"@type\":\"WebSite\",\"@id\":\"https:\/\/it-teams-global.de\/#website\",\"url\":\"https:\/\/it-teams-global.de\/\",\"name\":\"IT Dienstleistungen International\",\"description\":\"IT- Personalvermittlung, Arbeitnehmer\u00fcberlassung, Remote Teams\",\"publisher\":{\"@id\":\"https:\/\/it-teams-global.de\/#organization\"},\"alternateName\":\"IT Teams Global\",\"potentialAction\":[{\"@type\":\"SearchAction\",\"target\":{\"@type\":\"EntryPoint\",\"urlTemplate\":\"https:\/\/it-teams-global.de\/?s={search_term_string}\"},\"query-input\":{\"@type\":\"PropertyValueSpecification\",\"valueRequired\":true,\"valueName\":\"search_term_string\"}}],\"inLanguage\":\"en-US\"},{\"@type\":\"Organization\",\"@id\":\"https:\/\/it-teams-global.de\/#organization\",\"name\":\"IT Teams Global\",\"alternateName\":\"Zeitarbeit International s.r.o.\",\"url\":\"https:\/\/it-teams-global.de\/\",\"logo\":{\"@type\":\"ImageObject\",\"inLanguage\":\"en-US\",\"@id\":\"https:\/\/it-teams-global.de\/#\/schema\/logo\/image\/\",\"url\":\"https:\/\/it-teams-global.de\/wp-content\/uploads\/2022\/03\/TI_lila-e1722509225172.png\",\"contentUrl\":\"https:\/\/it-teams-global.de\/wp-content\/uploads\/2022\/03\/TI_lila-e1722509225172.png\",\"width\":457,\"height\":393,\"caption\":\"IT Teams Global\"},\"image\":{\"@id\":\"https:\/\/it-teams-global.de\/#\/schema\/logo\/image\/\"},\"sameAs\":[\"https:\/\/www.facebook.com\/profile.php?id=61564444134427\",\"https:\/\/www.linkedin.com\/company\/it-teams-global\/\"],\"description\":\"Als f\u00fchrender IT-Personaldienstleister sind wir auf die IT Rekrutierung, Beratung, Personalvermittlung sowie weitere Themen wie IT-Ressourcenmanagement, IT-Infrastrukturen und Offshoring, Cybersecurity spezialisiert.\u00a0Wir haben notwendiges Fachwissen, Erfahrung und die Ressourcen daf\u00fcr. Wir bieten Ihrem Unternehmen folgende Dienstleistungen: Netzwerkverwaltung, Server-Verwaltung, IT-Support Helpdesk, Cybersicherheit, Back-up und Systemwiederherstellung\",\"email\":\"info@it-teams-global.de\",\"telephone\":\"+49 172 7477707\",\"legalName\":\"Zeitarbeit International s.r.o.\"}]}<\/script>\n<!-- \/ Yoast SEO Premium plugin. -->","yoast_head_json":{"title":"IT specialist placement - currently available candidates","description":"Find out why IT specialists are crucial to the success of your company and how you can attract the best talent.","robots":{"index":"index","follow":"follow","max-snippet":"max-snippet:-1","max-image-preview":"max-image-preview:large","max-video-preview":"max-video-preview:-1"},"canonical":"https:\/\/it-teams-global.de\/en\/candidates\/","og_locale":"en_US","og_type":"article","og_title":"Aktuell verf\u00fcgbare IT Spezialisten","og_description":"Erfahren Sie, warum IT Fachkr\u00e4fte f\u00fcr den Erfolg Ihres Unternehmens entscheidend sind und wie Sie die besten Talente gewinnen.","og_url":"https:\/\/it-teams-global.de\/en\/candidates\/","og_site_name":"IT Dienstleistungen International","article_publisher":"https:\/\/www.facebook.com\/profile.php?id=61564444134427","article_modified_time":"2025-06-04T07:51:28+00:00","og_image":[{"width":700,"height":410,"url":"https:\/\/it-teams-global.de\/wp-content\/uploads\/2023\/04\/tab-4-why-choose-us.jpg","type":"image\/jpeg"}],"twitter_card":"summary_large_image","twitter_misc":{"Est. reading time":"1 minute"},"schema":{"@context":"https:\/\/schema.org","@graph":[{"@type":"WebPage","@id":"https:\/\/it-teams-global.de\/kandidaten\/","url":"https:\/\/it-teams-global.de\/kandidaten\/","name":"IT specialist placement - currently available candidates","isPartOf":{"@id":"https:\/\/it-teams-global.de\/#website"},"datePublished":"2024-10-15T11:25:20+00:00","dateModified":"2025-06-04T07:51:28+00:00","description":"Find out why IT specialists are crucial to the success of your company and how you can attract the best talent.","breadcrumb":{"@id":"https:\/\/it-teams-global.de\/kandidaten\/#breadcrumb"},"inLanguage":"en-US","potentialAction":[{"@type":"ReadAction","target":["https:\/\/it-teams-global.de\/kandidaten\/"]}]},{"@type":"BreadcrumbList","@id":"https:\/\/it-teams-global.de\/kandidaten\/#breadcrumb","itemListElement":[{"@type":"ListItem","position":1,"name":"Startseite","item":"https:\/\/it-teams-global.de\/"},{"@type":"ListItem","position":2,"name":"Aktuell verf\u00fcgbare IT Spezialisten"}]},{"@type":"WebSite","@id":"https:\/\/it-teams-global.de\/#website","url":"https:\/\/it-teams-global.de\/","name":"IT Services International","description":"IT recruitment, temporary employment, remote teams","publisher":{"@id":"https:\/\/it-teams-global.de\/#organization"},"alternateName":"IT Teams Global","potentialAction":[{"@type":"SearchAction","target":{"@type":"EntryPoint","urlTemplate":"https:\/\/it-teams-global.de\/?s={search_term_string}"},"query-input":{"@type":"PropertyValueSpecification","valueRequired":true,"valueName":"search_term_string"}}],"inLanguage":"en-US"},{"@type":"Organization","@id":"https:\/\/it-teams-global.de\/#organization","name":"IT Teams Global","alternateName":"Zeitarbeit International s.r.o.","url":"https:\/\/it-teams-global.de\/","logo":{"@type":"ImageObject","inLanguage":"en-US","@id":"https:\/\/it-teams-global.de\/#\/schema\/logo\/image\/","url":"https:\/\/it-teams-global.de\/wp-content\/uploads\/2022\/03\/TI_lila-e1722509225172.png","contentUrl":"https:\/\/it-teams-global.de\/wp-content\/uploads\/2022\/03\/TI_lila-e1722509225172.png","width":457,"height":393,"caption":"IT Teams Global"},"image":{"@id":"https:\/\/it-teams-global.de\/#\/schema\/logo\/image\/"},"sameAs":["https:\/\/www.facebook.com\/profile.php?id=61564444134427","https:\/\/www.linkedin.com\/company\/it-teams-global\/"],"description":"As a leading IT personnel service provider, we specialize in IT recruitment, consulting, personnel placement and other topics such as IT resource management, IT infrastructures and offshoring, cybersecurity. We have the necessary expertise, experience and resources. We offer your company the following services: Network administration, server administration, IT support helpdesk, cybersecurity, back-up and system recovery.","email":"info@it-teams-global.de","telephone":"+49 172 7477707","legalName":"Zeitarbeit International s.r.o."}]}},"_links":{"self":[{"href":"https:\/\/it-teams-global.de\/en\/wp-json\/wp\/v2\/pages\/17500","targetHints":{"allow":["GET"]}}],"collection":[{"href":"https:\/\/it-teams-global.de\/en\/wp-json\/wp\/v2\/pages"}],"about":[{"href":"https:\/\/it-teams-global.de\/en\/wp-json\/wp\/v2\/types\/page"}],"author":[{"embeddable":true,"href":"https:\/\/it-teams-global.de\/en\/wp-json\/wp\/v2\/users\/1"}],"replies":[{"embeddable":true,"href":"https:\/\/it-teams-global.de\/en\/wp-json\/wp\/v2\/comments?post=17500"}],"version-history":[{"count":10,"href":"https:\/\/it-teams-global.de\/en\/wp-json\/wp\/v2\/pages\/17500\/revisions"}],"predecessor-version":[{"id":17696,"href":"https:\/\/it-teams-global.de\/en\/wp-json\/wp\/v2\/pages\/17500\/revisions\/17696"}],"wp:attachment":[{"href":"https:\/\/it-teams-global.de\/en\/wp-json\/wp\/v2\/media?parent=17500"}],"curies":[{"name":"wp","href":"https:\/\/api.w.org\/{rel}","templated":true}]}}