{"id":17645,"date":"2024-10-16T09:34:37","date_gmt":"2024-10-16T07:34:37","guid":{"rendered":"https:\/\/it-teams-global.de\/?page_id=17645"},"modified":"2024-10-16T10:20:36","modified_gmt":"2024-10-16T08:20:36","slug":"applicant-request","status":"publish","type":"page","link":"https:\/\/it-teams-global.de\/en\/applicant-request\/","title":{"rendered":"Request canditates"},"content":{"rendered":"<div data-elementor-type=\"wp-page\" data-elementor-id=\"17645\" class=\"elementor elementor-17645\">\n\t\t\t\t\t\t<section class=\"elementor-section elementor-top-section elementor-element elementor-element-4fc0904 elementor-section-boxed elementor-section-height-default elementor-section-height-default\" data-id=\"4fc0904\" data-element_type=\"section\">\n\t\t\t\t\t\t<div class=\"elementor-container elementor-column-gap-default\">\n\t\t\t\t\t<div class=\"elementor-column elementor-col-50 elementor-top-column elementor-element elementor-element-5afb502\" data-id=\"5afb502\" data-element_type=\"column\">\n\t\t\t<div class=\"elementor-widget-wrap elementor-element-populated\">\n\t\t\t\t\t\t<div class=\"elementor-element elementor-element-2c84367 elementor-widget elementor-widget-infetech_elementor_heading\" data-id=\"2c84367\" data-element_type=\"widget\" data-widget_type=\"infetech_elementor_heading.default\">\n\t\t\t\t<div class=\"elementor-widget-container\">\n\t\t\t\t\t\n\t\t\t<div class=\"ova-heading\">\n\t\t\t\t\n\t\t\t\t\t\t\t\t\t<h2 class=\"sub-title\">\n\t\t\t\t\t\t<span class=\"underlined\"><\/span>\n\t\t\t\t\t\tRequest Candidates Now\t\t\t\t\t<\/h2>\t\n\t\t\t\t\n\t\t\t\t\n\t\t\t\t\t<h3 class=\"title\">\t\t\t\t\t\t\t\t\t\t\t\t\tWe Look Forward to Your Inquiry\t\t\t\t\t\t\t\t\t\t\t<\/h3>\n                \n                \n\t\t\t<\/div>\n\n\t\t\t\t\t\t<\/div>\n\t\t\t\t<\/div>\n\t\t\t\t<div class=\"elementor-element elementor-element-48be307 elementor-widget elementor-widget-infetech_elementor_contact_info\" data-id=\"48be307\" data-element_type=\"widget\" data-widget_type=\"infetech_elementor_contact_info.default\">\n\t\t\t\t<div class=\"elementor-widget-container\">\n\t\t\t\t\t\t\t\t<div class=\"ova-contact-info template2\">\n\t\t\t\t\n\t\t\t\t\t\t\t\t\t\t\t\t\t\t\t<div class=\"circle\">\n\t\t\t\t\t\t\t<div class=\"icon\">\n\t\t\t\t\t\t\t\t<i class=\"ovaicon ovaicon-phone-call\"><\/i>\n\t\t\t\t\t\t\t<\/div>\n\t\t\t\t\t\t<\/div>\t\n\t\t\t\t    \t\t\t    \t\t\t\t\n\t\t\t\t<div class=\"contact\">\n\t\t\t\t\t\n\t\t\t\t\t\t\t\t\t\t\t<div class=\"label\">\n\t\t\t\t\t\t\tCall now\t\t\t\t\t\t<\/div>\n\t\t\t\t\t\n\t\t\t\t\t<ul class=\"info\">\n\t\t\t\t\t\t\t\t\t\t\t\t\t<li class=\"item\">\n\n\t\t\t\t\t\t\t\t\t\t\t\t\t\t\t\t\t\t\t<a href=\"tel:+4915207942568\" title=\"phone\">\n\t\t\t\t\t\t\t\t\t\t\t\t+49 172 7477707\t\t\t\t\t\t\t\t\t\t\t<\/a>\n\t\t\t\t\t\t\t\t\t\t\t\t\t\t\t\t\t<\/li>\n\t\t\t\t\t\t\t\t\t\t\t<\/ul>\n\n\t\t\t\t<\/div>\n\n\t\t\t<\/div>\n\n\t\t\t\t\t\t<\/div>\n\t\t\t\t<\/div>\n\t\t\t\t<div class=\"elementor-element elementor-element-9d81e3f elementor-widget elementor-widget-infetech_elementor_contact_info\" data-id=\"9d81e3f\" data-element_type=\"widget\" data-widget_type=\"infetech_elementor_contact_info.default\">\n\t\t\t\t<div class=\"elementor-widget-container\">\n\t\t\t\t\t\t\t\t<div class=\"ova-contact-info template2\">\n\t\t\t\t\n\t\t\t\t\t\t\t\t\t\t\t\t\t\t\t<div class=\"circle\">\n\t\t\t\t\t\t\t<div class=\"icon\">\n\t\t\t\t\t\t\t\t<i class=\"ovaicon ovaicon-email\"><\/i>\n\t\t\t\t\t\t\t<\/div>\n\t\t\t\t\t\t<\/div>\t\n\t\t\t\t    \t\t\t    \t\t\t\t\n\t\t\t\t<div class=\"contact\">\n\t\t\t\t\t\n\t\t\t\t\t\t\t\t\t\t\t<div class=\"label\">\n\t\t\t\t\t\t\tSend email\t\t\t\t\t\t<\/div>\n\t\t\t\t\t\n\t\t\t\t\t<ul class=\"info\">\n\t\t\t\t\t\t\t\t\t\t\t\t\t<li class=\"item\">\n\n\t\t\t\t\t\t\t\t\t\t\t\t\t\t\t\t\t\t\t<a href=\"mailto:info@it-teams-global.de\" title=\"email\">\n\t\t\t\t\t\t\t\t\t\t\t\tinfo@it-teams-global.de\t\t\t\t\t\t\t\t\t\t\t<\/a>\n\t\t\t\t\t\t\t\t\t\t\t\t\t\t\t\t\t<\/li>\n\t\t\t\t\t\t\t\t\t\t\t<\/ul>\n\n\t\t\t\t<\/div>\n\n\t\t\t<\/div>\n\n\t\t\t\t\t\t<\/div>\n\t\t\t\t<\/div>\n\t\t\t\t<div class=\"elementor-element elementor-element-c996b23 elementor-widget elementor-widget-infetech_elementor_contact_info\" data-id=\"c996b23\" data-element_type=\"widget\" data-widget_type=\"infetech_elementor_contact_info.default\">\n\t\t\t\t<div class=\"elementor-widget-container\">\n\t\t\t\t\t\t\t\t<div class=\"ova-contact-info template2\">\n\t\t\t\t\n\t\t\t\t\t\t\t\t\t\t\t\t\t\t\t<div class=\"circle\">\n\t\t\t\t\t\t\t<div class=\"icon\">\n\t\t\t\t\t\t\t\t<i class=\"far fa-map\"><\/i>\n\t\t\t\t\t\t\t<\/div>\n\t\t\t\t\t\t<\/div>\t\n\t\t\t\t    \t\t\t    \t\t\t\t\n\t\t\t\t<div class=\"contact\">\n\t\t\t\t\t\n\t\t\t\t\t\t\t\t\t\t\t<div class=\"label\">\n\t\t\t\t\t\t\tTemporary Employment International s.r.o.\t\t\t\t\t\t<\/div>\n\t\t\t\t\t\n\t\t\t\t\t<ul class=\"info\">\n\t\t\t\t\t\t\t\t\t\t\t\t\t<li class=\"item\">\n\n\t\t\t\t\t\t\t\t<a href=\"https:\/\/www.google.com\/maps\/place\/Karpatsk%C3%A9+n%C3%A1mestie+10a,+831+06+Bratislava,+Slowakei\/@48.2161039,17.1628805,17z\/data=!3m1!4b1!4m6!3m5!1s0x476c8e157297c525:0x705a86429ad137ab!8m2!3d48.2161004!4d17.1654608!16s%2Fg%2F11f613vgh1?entry=ttu\" target=\"_blank\" title=\"SK, 831 06 Bratislava - mestsk\u00e1 cast&#039; Raca, Karpatsk\u00e9 n\u00e1mestie 10A\">SK, 831 06 Bratislava - mestsk\u00e1 cast' Raca, Karpatsk\u00e9 n\u00e1mestie 10A<\/a>\t\t\t\t\t\t\t<\/li>\n\t\t\t\t\t\t\t\t\t\t\t<\/ul>\n\n\t\t\t\t<\/div>\n\n\t\t\t<\/div>\n\n\t\t\t\t\t\t<\/div>\n\t\t\t\t<\/div>\n\t\t\t\t<div class=\"elementor-element elementor-element-8f134db elementor-widget elementor-widget-infetech_elementor_contact_info\" data-id=\"8f134db\" data-element_type=\"widget\" data-widget_type=\"infetech_elementor_contact_info.default\">\n\t\t\t\t<div class=\"elementor-widget-container\">\n\t\t\t\t\t\t\t\t<div class=\"ova-contact-info template2\">\n\t\t\t\t\n\t\t\t\t\t\t\t\t\t\t\t\t\t\t\t<div class=\"circle\">\n\t\t\t\t\t\t\t<div class=\"icon\">\n\t\t\t\t\t\t\t\t<i class=\"far fa-map\"><\/i>\n\t\t\t\t\t\t\t<\/div>\n\t\t\t\t\t\t<\/div>\t\n\t\t\t\t    \t\t\t    \t\t\t\t\n\t\t\t\t<div class=\"contact\">\n\t\t\t\t\t\n\t\t\t\t\t\t\t\t\t\t\t<div class=\"label\">\n\t\t\t\t\t\t\tGerman Representation\t\t\t\t\t\t<\/div>\n\t\t\t\t\t\n\t\t\t\t\t<ul class=\"info\">\n\t\t\t\t\t\t\t\t\t\t\t\t\t<li class=\"item\">\n\n\t\t\t\t\t\t\t\t<a href=\"https:\/\/www.google.com\/maps\/place\/Neuneralmweg+11,+82491+Grainau\/@47.4688064,11.0237418,17z\/data=!3m1!4b1!4m6!3m5!1s0x479d03d5eedb6e59:0x7d2ebeaa946833a6!8m2!3d47.4688028!4d11.0263221!16s%2Fg%2F11fb0j4xk8?entry=ttu\" target=\"_blank\" title=\"Neuneralmweg 11,                                                        82491 Grainau\">Neuneralmweg 11,                                                        \n\n82491 Grainau<\/a>\t\t\t\t\t\t\t<\/li>\n\t\t\t\t\t\t\t\t\t\t\t<\/ul>\n\n\t\t\t\t<\/div>\n\n\t\t\t<\/div>\n\n\t\t\t\t\t\t<\/div>\n\t\t\t\t<\/div>\n\t\t\t\t\t<\/div>\n\t\t<\/div>\n\t\t\t\t<div class=\"elementor-column elementor-col-50 elementor-top-column elementor-element elementor-element-81b1f38\" data-id=\"81b1f38\" data-element_type=\"column\" data-settings=\"{&quot;background_background&quot;:&quot;classic&quot;}\">\n\t\t\t<div class=\"elementor-widget-wrap elementor-element-populated\">\n\t\t\t\t\t\t<div class=\"elementor-element elementor-element-2a078c4 elementor-widget elementor-widget-shortcode\" data-id=\"2a078c4\" data-element_type=\"widget\" data-widget_type=\"shortcode.default\">\n\t\t\t\t<div class=\"elementor-widget-container\">\n\t\t\t\t\t\t\t<div class=\"elementor-shortcode\"><style id=\"wpforms-css-vars-17630\">\n\t\t\t\t#wpforms-17630 {\n\t\t\t\t--wpforms-container-padding: 0px;\n--wpforms-container-border-width: 1px;\n--wpforms-container-border-radius: 3px;\n--wpforms-background-color: rgba(0, 0, 0, 0);\n--wpforms-field-size-input-height: 43px;\n--wpforms-field-size-input-spacing: 15px;\n--wpforms-field-size-font-size: 16px;\n--wpforms-field-size-line-height: 19px;\n--wpforms-field-size-padding-h: 14px;\n--wpforms-field-size-checkbox-size: 16px;\n--wpforms-field-size-sublabel-spacing: 5px;\n--wpforms-field-size-icon-size: 1;\n--wpforms-label-size-font-size: 16px;\n--wpforms-label-size-line-height: 19px;\n--wpforms-label-size-sublabel-font-size: 14px;\n--wpforms-label-size-sublabel-line-height: 17px;\n--wpforms-button-size-font-size: 17px;\n--wpforms-button-size-height: 41px;\n--wpforms-button-size-padding-h: 15px;\n--wpforms-button-size-margin-top: 10px;\n--wpforms-container-shadow-size-box-shadow: none;\n\t\t\t}\n\t\t\t<\/style><div class=\"wpforms-container wpforms-container-full wpforms-render-modern\" id=\"wpforms-17630\"><form id=\"wpforms-form-17630\" class=\"wpforms-validate wpforms-form wpforms-ajax-form\" data-formid=\"17630\" method=\"post\" enctype=\"multipart\/form-data\" action=\"\/en\/wp-json\/wp\/v2\/pages\/17645\" data-token=\"54cab3253c3329136824649142ff23bb\" data-token-time=\"1776504244\" data-trp-original-action=\"\/en\/wp-json\/wp\/v2\/pages\/17645\"><noscript class=\"wpforms-error-noscript\">Please enable JavaScript in your browser to complete this form.<\/noscript><div id=\"wpforms-error-noscript\" style=\"display: none;\">Please enable JavaScript in your browser to complete this form.<\/div><div class=\"wpforms-field-container\"><div id=\"wpforms-17630-field_7-container\" class=\"wpforms-field wpforms-field-text\" data-field-id=\"7\"><label class=\"wpforms-field-label\" for=\"wpforms-17630-field_7\">Company <span class=\"wpforms-required-label\" aria-hidden=\"true\">*<\/span><\/label><input type=\"text\" id=\"wpforms-17630-field_7\" class=\"wpforms-field-medium wpforms-field-required\" name=\"wpforms[fields][7]\" aria-errormessage=\"wpforms-17630-field_7-error\" required><\/div><div id=\"wpforms-17630-field_5-container\" class=\"wpforms-field wpforms-field-text\" data-field-id=\"5\"><label class=\"wpforms-field-label\" for=\"wpforms-17630-field_5\">Your Last Name, First Name<\/label><input type=\"text\" id=\"wpforms-17630-field_5\" class=\"wpforms-field-medium\" name=\"wpforms[fields][5]\" aria-errormessage=\"wpforms-17630-field_5-error\" ><\/div><div id=\"wpforms-17630-field_6-container\" class=\"wpforms-field wpforms-field-text\" data-field-id=\"6\"><label class=\"wpforms-field-label\" for=\"wpforms-17630-field_6\">Candidate Name <span class=\"wpforms-required-label\" aria-hidden=\"true\">*<\/span><\/label><input type=\"text\" id=\"wpforms-17630-field_6\" class=\"wpforms-field-medium wpforms-field-required\" name=\"wpforms[fields][6]\" placeholder=\"on the candidate&#039;s profile page, e.g. &quot;Freya&quot; \" aria-errormessage=\"wpforms-17630-field_6-error\" required><\/div>\t\t<div id=\"wpforms-17630-field_1-container\"\n\t\t\tclass=\"wpforms-field wpforms-field-text\"\n\t\t\tdata-field-type=\"text\"\n\t\t\tdata-field-id=\"1\"\n\t\t\t>\n\t\t\t<label class=\"wpforms-field-label\" for=\"wpforms-17630-field_1\" >Unternehmen Nachricht Ihr<\/label>\n\t\t\t<input type=\"text\" id=\"wpforms-17630-field_1\" class=\"wpforms-field-medium\" name=\"wpforms[fields][1]\" >\n\t\t<\/div>\n\t\t<div id=\"wpforms-17630-field_2-container\" class=\"wpforms-field wpforms-field-email\" data-field-id=\"2\"><label class=\"wpforms-field-label\" for=\"wpforms-17630-field_2\">Email Address <span class=\"wpforms-required-label\" aria-hidden=\"true\">*<\/span><\/label><input type=\"email\" id=\"wpforms-17630-field_2\" class=\"wpforms-field-medium wpforms-field-required\" name=\"wpforms[fields][2]\" spellcheck=\"false\" aria-errormessage=\"wpforms-17630-field_2-error\" required><\/div><div id=\"wpforms-17630-field_8-container\" class=\"wpforms-field wpforms-field-number\" data-field-id=\"8\"><label class=\"wpforms-field-label\" for=\"wpforms-17630-field_8\">Phone Number <span class=\"wpforms-required-label\" aria-hidden=\"true\">*<\/span><\/label><input type=\"number\" id=\"wpforms-17630-field_8\" class=\"wpforms-field-medium wpforms-field-required\" name=\"wpforms[fields][8]\" step=\"any\" aria-errormessage=\"wpforms-17630-field_8-error\" required><\/div><div id=\"wpforms-17630-field_3-container\" class=\"wpforms-field wpforms-field-textarea\" data-field-id=\"3\"><label class=\"wpforms-field-label\" for=\"wpforms-17630-field_3\">Message <span class=\"wpforms-required-label\" aria-hidden=\"true\">*<\/span><\/label><textarea id=\"wpforms-17630-field_3\" class=\"wpforms-field-medium wpforms-field-required\" name=\"wpforms[fields][3]\" aria-errormessage=\"wpforms-17630-field_3-error\" required><\/textarea><\/div><script>\n\t\t\t\t( function() {\n\t\t\t\t\tconst style = document.createElement( 'style' );\n\t\t\t\t\tstyle.appendChild( document.createTextNode( '#wpforms-17630-field_1-container { position: absolute !important; overflow: hidden !important; display: inline !important; height: 1px !important; width: 1px !important; z-index: -1000 !important; padding: 0 !important; } #wpforms-17630-field_1-container input { visibility: hidden; } #wpforms-conversational-form-page #wpforms-17630-field_1-container label { counter-increment: none; }' ) );\n\t\t\t\t\tdocument.head.appendChild( style );\n\t\t\t\t\tdocument.currentScript?.remove();\n\t\t\t\t} )();\n\t\t\t<\/script><\/div><!-- .wpforms-field-container --><div class=\"wpforms-submit-container\" ><input type=\"hidden\" name=\"wpforms[id]\" value=\"17630\"><input type=\"hidden\" name=\"page_title\" value=\"\"><input type=\"hidden\" name=\"page_url\" value=\"https:\/\/it-teams-global.de\/en\/wp-json\/wp\/v2\/pages\/17645\"><input type=\"hidden\" name=\"url_referer\" value=\"\"><button type=\"submit\" name=\"wpforms[submit]\" id=\"wpforms-submit-17630\" class=\"wpforms-submit\" data-alt-text=\"Wird gesendet\u00a0\u2026\" data-submit-text=\"Absenden\" aria-live=\"assertive\" value=\"wpforms-submit\">Send<\/button><img decoding=\"async\" data-src=\"https:\/\/it-teams-global.de\/wp-content\/plugins\/wpforms-lite\/assets\/images\/submit-spin.svg\" class=\"wpforms-submit-spinner lazyload\" style=\"--smush-placeholder-width: 26px; --smush-placeholder-aspect-ratio: 26\/26;display: none;\" width=\"26\" height=\"26\" alt=\"Loading\" src=\"data:image\/svg+xml;base64,PHN2ZyB3aWR0aD0iMSIgaGVpZ2h0PSIxIiB4bWxucz0iaHR0cDovL3d3dy53My5vcmcvMjAwMC9zdmciPjwvc3ZnPg==\"><\/div><input type=\"hidden\" name=\"trp-form-language\" value=\"en\"\/><\/form><\/div>  <!-- .wpforms-container --><\/div>\n\t\t\t\t\t\t<\/div>\n\t\t\t\t<\/div>\n\t\t\t\t\t<\/div>\n\t\t<\/div>\n\t\t\t\t\t<\/div>\n\t\t<\/section>\n\t\t\t\t<\/div>","protected":false},"excerpt":{"rendered":"<p>Jetzt Bewerber anfragen Wir freuen uns auf Ihre Anfrage Jetzt anrufen +49 172 7477707 Email senden info@it-teams-global.de Zeitarbeit International s.r.o. SK, 831 06 Bratislava \u2013 mestsk\u00e1 cast\u2018 Raca, Karpatsk\u00e9 n\u00e1mestie 10A Deutsche Representanz Neuneralmweg 11 82491 Grainau<\/p>","protected":false},"author":1,"featured_media":0,"parent":0,"menu_order":0,"comment_status":"closed","ping_status":"closed","template":"elementor_header_footer","meta":{"footnotes":""},"class_list":["post-17645","page","type-page","status-publish","hentry"],"yoast_head":"<!-- This site is optimized with the Yoast SEO Premium plugin v26.4 (Yoast SEO v26.4) - https:\/\/yoast.com\/wordpress\/plugins\/seo\/ -->\n<title>IT Fachkr\u00e4fte anfragen<\/title>\n<meta name=\"description\" content=\"W\u00e4hlen Sie aus unserem Internationalen Bewerberpool passende IT Kandidaten und fragen Sie bei uns unverbindlich an\" \/>\n<meta name=\"robots\" content=\"index, follow, max-snippet:-1, max-image-preview:large, max-video-preview:-1\" \/>\n<link rel=\"canonical\" href=\"https:\/\/it-teams-global.de\/en\/applicant-request\/\" \/>\n<meta property=\"og:locale\" content=\"en_US\" \/>\n<meta property=\"og:type\" content=\"article\" \/>\n<meta property=\"og:title\" content=\"Bewerber anfragen\" \/>\n<meta property=\"og:description\" content=\"W\u00e4hlen Sie aus unserem Internationalen Bewerberpool passende IT Kandidaten und fragen Sie bei uns unverbindlich an\" \/>\n<meta property=\"og:url\" content=\"https:\/\/it-teams-global.de\/en\/applicant-request\/\" \/>\n<meta property=\"og:site_name\" content=\"IT Dienstleistungen International\" \/>\n<meta property=\"article:publisher\" content=\"https:\/\/www.facebook.com\/profile.php?id=61564444134427\" \/>\n<meta property=\"article:modified_time\" content=\"2024-10-16T08:20:36+00:00\" \/>\n<meta property=\"og:image\" content=\"https:\/\/it-teams-global.de\/wp-content\/uploads\/2023\/04\/tab-4-why-choose-us.jpg\" \/>\n\t<meta property=\"og:image:width\" content=\"700\" \/>\n\t<meta property=\"og:image:height\" content=\"410\" \/>\n\t<meta property=\"og:image:type\" content=\"image\/jpeg\" \/>\n<meta name=\"twitter:card\" content=\"summary_large_image\" \/>\n<meta name=\"twitter:label1\" content=\"Est. reading time\" \/>\n\t<meta name=\"twitter:data1\" content=\"1 minute\" \/>\n<script type=\"application\/ld+json\" class=\"yoast-schema-graph\">{\"@context\":\"https:\/\/schema.org\",\"@graph\":[{\"@type\":\"WebPage\",\"@id\":\"https:\/\/it-teams-global.de\/bewerber-anfragen\/\",\"url\":\"https:\/\/it-teams-global.de\/bewerber-anfragen\/\",\"name\":\"IT Fachkr\u00e4fte anfragen\",\"isPartOf\":{\"@id\":\"https:\/\/it-teams-global.de\/#website\"},\"datePublished\":\"2024-10-16T07:34:37+00:00\",\"dateModified\":\"2024-10-16T08:20:36+00:00\",\"description\":\"W\u00e4hlen Sie aus unserem Internationalen Bewerberpool passende IT Kandidaten und fragen Sie bei uns unverbindlich an\",\"breadcrumb\":{\"@id\":\"https:\/\/it-teams-global.de\/bewerber-anfragen\/#breadcrumb\"},\"inLanguage\":\"en-US\",\"potentialAction\":[{\"@type\":\"ReadAction\",\"target\":[\"https:\/\/it-teams-global.de\/bewerber-anfragen\/\"]}]},{\"@type\":\"BreadcrumbList\",\"@id\":\"https:\/\/it-teams-global.de\/bewerber-anfragen\/#breadcrumb\",\"itemListElement\":[{\"@type\":\"ListItem\",\"position\":1,\"name\":\"Startseite\",\"item\":\"https:\/\/it-teams-global.de\/\"},{\"@type\":\"ListItem\",\"position\":2,\"name\":\"Bewerber anfragen\"}]},{\"@type\":\"WebSite\",\"@id\":\"https:\/\/it-teams-global.de\/#website\",\"url\":\"https:\/\/it-teams-global.de\/\",\"name\":\"IT Dienstleistungen International\",\"description\":\"IT- Personalvermittlung, Arbeitnehmer\u00fcberlassung, Remote Teams\",\"publisher\":{\"@id\":\"https:\/\/it-teams-global.de\/#organization\"},\"alternateName\":\"IT Teams Global\",\"potentialAction\":[{\"@type\":\"SearchAction\",\"target\":{\"@type\":\"EntryPoint\",\"urlTemplate\":\"https:\/\/it-teams-global.de\/?s={search_term_string}\"},\"query-input\":{\"@type\":\"PropertyValueSpecification\",\"valueRequired\":true,\"valueName\":\"search_term_string\"}}],\"inLanguage\":\"en-US\"},{\"@type\":\"Organization\",\"@id\":\"https:\/\/it-teams-global.de\/#organization\",\"name\":\"IT Teams Global\",\"alternateName\":\"Zeitarbeit International s.r.o.\",\"url\":\"https:\/\/it-teams-global.de\/\",\"logo\":{\"@type\":\"ImageObject\",\"inLanguage\":\"en-US\",\"@id\":\"https:\/\/it-teams-global.de\/#\/schema\/logo\/image\/\",\"url\":\"https:\/\/it-teams-global.de\/wp-content\/uploads\/2022\/03\/TI_lila-e1722509225172.png\",\"contentUrl\":\"https:\/\/it-teams-global.de\/wp-content\/uploads\/2022\/03\/TI_lila-e1722509225172.png\",\"width\":457,\"height\":393,\"caption\":\"IT Teams Global\"},\"image\":{\"@id\":\"https:\/\/it-teams-global.de\/#\/schema\/logo\/image\/\"},\"sameAs\":[\"https:\/\/www.facebook.com\/profile.php?id=61564444134427\",\"https:\/\/www.linkedin.com\/company\/it-teams-global\/\"],\"description\":\"Als f\u00fchrender IT-Personaldienstleister sind wir auf die IT Rekrutierung, Beratung, Personalvermittlung sowie weitere Themen wie IT-Ressourcenmanagement, IT-Infrastrukturen und Offshoring, Cybersecurity spezialisiert.\u00a0Wir haben notwendiges Fachwissen, Erfahrung und die Ressourcen daf\u00fcr. Wir bieten Ihrem Unternehmen folgende Dienstleistungen: Netzwerkverwaltung, Server-Verwaltung, IT-Support Helpdesk, Cybersicherheit, Back-up und Systemwiederherstellung\",\"email\":\"info@it-teams-global.de\",\"telephone\":\"+49 172 7477707\",\"legalName\":\"Zeitarbeit International s.r.o.\"}]}<\/script>\n<!-- \/ Yoast SEO Premium plugin. -->","yoast_head_json":{"title":"Request IT specialists","description":"Select suitable IT candidates from our international pool of applicants and send us a non-binding enquiry","robots":{"index":"index","follow":"follow","max-snippet":"max-snippet:-1","max-image-preview":"max-image-preview:large","max-video-preview":"max-video-preview:-1"},"canonical":"https:\/\/it-teams-global.de\/en\/applicant-request\/","og_locale":"en_US","og_type":"article","og_title":"Bewerber anfragen","og_description":"W\u00e4hlen Sie aus unserem Internationalen Bewerberpool passende IT Kandidaten und fragen Sie bei uns unverbindlich an","og_url":"https:\/\/it-teams-global.de\/en\/applicant-request\/","og_site_name":"IT Dienstleistungen International","article_publisher":"https:\/\/www.facebook.com\/profile.php?id=61564444134427","article_modified_time":"2024-10-16T08:20:36+00:00","og_image":[{"width":700,"height":410,"url":"https:\/\/it-teams-global.de\/wp-content\/uploads\/2023\/04\/tab-4-why-choose-us.jpg","type":"image\/jpeg"}],"twitter_card":"summary_large_image","twitter_misc":{"Est. reading time":"1 minute"},"schema":{"@context":"https:\/\/schema.org","@graph":[{"@type":"WebPage","@id":"https:\/\/it-teams-global.de\/bewerber-anfragen\/","url":"https:\/\/it-teams-global.de\/bewerber-anfragen\/","name":"Request IT specialists","isPartOf":{"@id":"https:\/\/it-teams-global.de\/#website"},"datePublished":"2024-10-16T07:34:37+00:00","dateModified":"2024-10-16T08:20:36+00:00","description":"Select suitable IT candidates from our international pool of applicants and send us a non-binding enquiry","breadcrumb":{"@id":"https:\/\/it-teams-global.de\/bewerber-anfragen\/#breadcrumb"},"inLanguage":"en-US","potentialAction":[{"@type":"ReadAction","target":["https:\/\/it-teams-global.de\/bewerber-anfragen\/"]}]},{"@type":"BreadcrumbList","@id":"https:\/\/it-teams-global.de\/bewerber-anfragen\/#breadcrumb","itemListElement":[{"@type":"ListItem","position":1,"name":"Startseite","item":"https:\/\/it-teams-global.de\/"},{"@type":"ListItem","position":2,"name":"Bewerber anfragen"}]},{"@type":"WebSite","@id":"https:\/\/it-teams-global.de\/#website","url":"https:\/\/it-teams-global.de\/","name":"IT Services International","description":"IT recruitment, temporary employment, remote teams","publisher":{"@id":"https:\/\/it-teams-global.de\/#organization"},"alternateName":"IT Teams Global","potentialAction":[{"@type":"SearchAction","target":{"@type":"EntryPoint","urlTemplate":"https:\/\/it-teams-global.de\/?s={search_term_string}"},"query-input":{"@type":"PropertyValueSpecification","valueRequired":true,"valueName":"search_term_string"}}],"inLanguage":"en-US"},{"@type":"Organization","@id":"https:\/\/it-teams-global.de\/#organization","name":"IT Teams Global","alternateName":"Zeitarbeit International s.r.o.","url":"https:\/\/it-teams-global.de\/","logo":{"@type":"ImageObject","inLanguage":"en-US","@id":"https:\/\/it-teams-global.de\/#\/schema\/logo\/image\/","url":"https:\/\/it-teams-global.de\/wp-content\/uploads\/2022\/03\/TI_lila-e1722509225172.png","contentUrl":"https:\/\/it-teams-global.de\/wp-content\/uploads\/2022\/03\/TI_lila-e1722509225172.png","width":457,"height":393,"caption":"IT Teams Global"},"image":{"@id":"https:\/\/it-teams-global.de\/#\/schema\/logo\/image\/"},"sameAs":["https:\/\/www.facebook.com\/profile.php?id=61564444134427","https:\/\/www.linkedin.com\/company\/it-teams-global\/"],"description":"As a leading IT personnel service provider, we specialize in IT recruitment, consulting, personnel placement and other topics such as IT resource management, IT infrastructures and offshoring, cybersecurity. We have the necessary expertise, experience and resources. We offer your company the following services: Network administration, server administration, IT support helpdesk, cybersecurity, back-up and system recovery.","email":"info@it-teams-global.de","telephone":"+49 172 7477707","legalName":"Zeitarbeit International s.r.o."}]}},"_links":{"self":[{"href":"https:\/\/it-teams-global.de\/en\/wp-json\/wp\/v2\/pages\/17645","targetHints":{"allow":["GET"]}}],"collection":[{"href":"https:\/\/it-teams-global.de\/en\/wp-json\/wp\/v2\/pages"}],"about":[{"href":"https:\/\/it-teams-global.de\/en\/wp-json\/wp\/v2\/types\/page"}],"author":[{"embeddable":true,"href":"https:\/\/it-teams-global.de\/en\/wp-json\/wp\/v2\/users\/1"}],"replies":[{"embeddable":true,"href":"https:\/\/it-teams-global.de\/en\/wp-json\/wp\/v2\/comments?post=17645"}],"version-history":[{"count":10,"href":"https:\/\/it-teams-global.de\/en\/wp-json\/wp\/v2\/pages\/17645\/revisions"}],"predecessor-version":[{"id":17670,"href":"https:\/\/it-teams-global.de\/en\/wp-json\/wp\/v2\/pages\/17645\/revisions\/17670"}],"wp:attachment":[{"href":"https:\/\/it-teams-global.de\/en\/wp-json\/wp\/v2\/media?parent=17645"}],"curies":[{"name":"wp","href":"https:\/\/api.w.org\/{rel}","templated":true}]}}